{"id":1781,"date":"2025-10-20T12:02:41","date_gmt":"2025-10-20T12:02:41","guid":{"rendered":"https:\/\/quintascaetano.com\/sobre-nos\/"},"modified":"2025-11-21T12:54:26","modified_gmt":"2025-11-21T12:54:26","slug":"ueber-uns","status":"publish","type":"page","link":"https:\/\/quintascaetano.com\/de\/ueber-uns\/","title":{"rendered":"\u00dcber uns"},"content":{"rendered":"\t\t<div data-elementor-type=\"wp-post\" data-elementor-id=\"1781\" class=\"elementor elementor-1781 elementor-581\" data-elementor-post-type=\"page\">\n\t\t\t\t\t\t<section class=\"elementor-section elementor-top-section elementor-element elementor-element-2b3f7e65 elementor-section-full_width elementor-section-height-min-height elementor-section-height-default elementor-section-items-middle\" data-id=\"2b3f7e65\" data-element_type=\"section\" data-settings=\"{&quot;background_background&quot;:&quot;classic&quot;}\">\n\t\t\t\t\t\t\t<div class=\"elementor-background-overlay\"><\/div>\n\t\t\t\t\t\t\t<div class=\"elementor-container elementor-column-gap-no\">\n\t\t\t\t\t<div class=\"elementor-column elementor-col-100 elementor-top-column elementor-element elementor-element-3aafdd82\" data-id=\"3aafdd82\" data-element_type=\"column\">\n\t\t\t<div class=\"elementor-widget-wrap elementor-element-populated\">\n\t\t\t\t\t\t<div class=\"elementor-element elementor-element-3c044c71 elementor-widget elementor-widget-spacer\" data-id=\"3c044c71\" data-element_type=\"widget\" data-widget_type=\"spacer.default\">\n\t\t\t\t<div class=\"elementor-widget-container\">\n\t\t\t\t\t\t\t<div class=\"elementor-spacer\">\n\t\t\t<div class=\"elementor-spacer-inner\"><\/div>\n\t\t<\/div>\n\t\t\t\t\t\t<\/div>\n\t\t\t\t<\/div>\n\t\t\t\t<section class=\"elementor-section elementor-inner-section elementor-element elementor-element-166a1345 elementor-reverse-mobile elementor-section-boxed elementor-section-height-default elementor-section-height-default\" data-id=\"166a1345\" data-element_type=\"section\">\n\t\t\t\t\t\t<div class=\"elementor-container elementor-column-gap-wider\">\n\t\t\t\t\t<div class=\"elementor-column elementor-col-100 elementor-inner-column elementor-element elementor-element-4e5301df\" data-id=\"4e5301df\" data-element_type=\"column\">\n\t\t\t<div class=\"elementor-widget-wrap elementor-element-populated\">\n\t\t\t\t\t\t<div class=\"elementor-element elementor-element-82c7838 elementor-view-default elementor-position-top elementor-widget elementor-widget-themo-header\" data-id=\"82c7838\" data-element_type=\"widget\" data-widget_type=\"themo-header.default\">\n\t\t\t\t<div class=\"elementor-widget-container\">\n\t\t\t\t\t\t\t<div class=\"th-header-wrap\">\n        <div class=\"elementor-icon-box-wrapper \">\n                            <div class=\"elementor-icon-box-content\">\n                    <h1 class=\"elementor-icon-box-title\">\n                                            <\/h1>\n                                        <p class=\"elementor-icon-box-description\"><\/p>\n\n                                    <\/div>\n            <\/div>\n\n        <\/div>\n\n\t\t\t\t\t\t<\/div>\n\t\t\t\t<\/div>\n\t\t\t\t\t<\/div>\n\t\t<\/div>\n\t\t\t\t\t<\/div>\n\t\t<\/section>\n\t\t\t\t<div class=\"elementor-element elementor-element-5c87d594 elementor-widget elementor-widget-spacer\" data-id=\"5c87d594\" data-element_type=\"widget\" data-widget_type=\"spacer.default\">\n\t\t\t\t<div class=\"elementor-widget-container\">\n\t\t\t\t\t\t\t<div class=\"elementor-spacer\">\n\t\t\t<div class=\"elementor-spacer-inner\"><\/div>\n\t\t<\/div>\n\t\t\t\t\t\t<\/div>\n\t\t\t\t<\/div>\n\t\t\t\t\t<\/div>\n\t\t<\/div>\n\t\t\t\t\t<\/div>\n\t\t<\/section>\n\t\t\t\t<section class=\"elementor-section elementor-top-section elementor-element elementor-element-668cda6b elementor-section-height-min-height elementor-section-boxed elementor-section-height-default elementor-section-items-middle\" data-id=\"668cda6b\" data-element_type=\"section\" data-settings=\"{&quot;background_background&quot;:&quot;classic&quot;}\">\n\t\t\t\t\t\t<div class=\"elementor-container elementor-column-gap-default\">\n\t\t\t\t\t<div class=\"elementor-column elementor-col-100 elementor-top-column elementor-element elementor-element-3c855b75\" data-id=\"3c855b75\" data-element_type=\"column\" data-settings=\"{&quot;background_background&quot;:&quot;classic&quot;}\">\n\t\t\t<div class=\"elementor-widget-wrap elementor-element-populated\">\n\t\t\t\t\t\t<div class=\"elementor-element elementor-element-120970c elementor-widget elementor-widget-heading\" data-id=\"120970c\" data-element_type=\"widget\" data-widget_type=\"heading.default\">\n\t\t\t\t<div class=\"elementor-widget-container\">\n\t\t\t\t\t<h2 class=\"elementor-heading-title elementor-size-default\">Ihr Zuhause auf den Azoren<\/h2>\t\t\t\t<\/div>\n\t\t\t\t<\/div>\n\t\t\t\t<div class=\"elementor-element elementor-element-3634adc1 elementor-position-left elementor-view-default elementor-widget elementor-widget-themo-header\" data-id=\"3634adc1\" data-element_type=\"widget\" data-widget_type=\"themo-header.default\">\n\t\t\t\t<div class=\"elementor-widget-container\">\n\t\t\t\t\t\t\t<div class=\"th-header-wrap\">\n        <div class=\"elementor-icon-box-wrapper \">\n                            <div class=\"elementor-icon-box-content\">\n                    <h3 class=\"elementor-icon-box-title\">\n                        Wo Tradition auf Komfort trifft.                    <\/h3>\n                                        <p class=\"elementor-icon-box-description\">Die Quinta de S\u00e3o Caetano wurde im Jahr 1875 als landwirtschaftliches Anwesen errichtet und im Laufe der Jahre mehrfach baulich angepasst, wobei die charakteristischen Merkmale der l\u00e4ndlichen Architektur der Region aus dem letzten Viertel des vergangenen Jahrhunderts erhalten geblieben sind.\nHeute steht die Quinta de S\u00e3o Caetano vor allem f\u00fcr Komfort und Erholung. Das Erwachen mit dem Klang der V\u00f6gel, die Rasenfl\u00e4chen und der umgebende Garten mit saisonalen Blumen rund um nahezu alle Geb\u00e4ude sowie die angrenzende Waldlandschaft verleihen dem Aufenthalt einen besonderen Charme f\u00fcr alle, die uns w\u00e4hlen.\n<\/p>\n\n                                    <\/div>\n            <\/div>\n\n        <\/div>\n\n\t\t\t\t\t\t<\/div>\n\t\t\t\t<\/div>\n\t\t\t\t\t<\/div>\n\t\t<\/div>\n\t\t\t\t\t<\/div>\n\t\t<\/section>\n\t\t\t\t<section class=\"elementor-section elementor-top-section elementor-element elementor-element-7e8016c elementor-section-height-min-height elementor-section-boxed elementor-section-height-default elementor-section-items-middle\" data-id=\"7e8016c\" data-element_type=\"section\" data-settings=\"{&quot;background_background&quot;:&quot;classic&quot;}\">\n\t\t\t\t\t\t<div class=\"elementor-container elementor-column-gap-default\">\n\t\t\t\t\t<div class=\"elementor-column elementor-col-50 elementor-top-column elementor-element elementor-element-aacd07a\" data-id=\"aacd07a\" data-element_type=\"column\" data-settings=\"{&quot;background_background&quot;:&quot;classic&quot;}\">\n\t\t\t<div class=\"elementor-widget-wrap elementor-element-populated\">\n\t\t\t\t\t\t<div class=\"elementor-element elementor-element-247ad1c elementor-widget elementor-widget-image\" data-id=\"247ad1c\" data-element_type=\"widget\" data-widget_type=\"image.default\">\n\t\t\t\t<div class=\"elementor-widget-container\">\n\t\t\t\t\t\t\t\t\t\t\t\t\t\t\t<img fetchpriority=\"high\" decoding=\"async\" width=\"1024\" height=\"683\" src=\"https:\/\/quintascaetano.com\/wp-content\/uploads\/2025\/10\/foto-home-slider-1024x683.jpg\" class=\"attachment-large size-large wp-image-1771\" alt=\"\" srcset=\"https:\/\/quintascaetano.com\/wp-content\/uploads\/2025\/10\/foto-home-slider-1024x683.jpg 1024w, https:\/\/quintascaetano.com\/wp-content\/uploads\/2025\/10\/foto-home-slider-300x200.jpg 300w, https:\/\/quintascaetano.com\/wp-content\/uploads\/2025\/10\/foto-home-slider-768x512.jpg 768w, https:\/\/quintascaetano.com\/wp-content\/uploads\/2025\/10\/foto-home-slider-1536x1024.jpg 1536w, https:\/\/quintascaetano.com\/wp-content\/uploads\/2025\/10\/foto-home-slider-2048x1365.jpg 2048w, https:\/\/quintascaetano.com\/wp-content\/uploads\/2025\/10\/foto-home-slider-120x80.jpg 120w, https:\/\/quintascaetano.com\/wp-content\/uploads\/2025\/10\/foto-home-slider-394x263.jpg 394w, https:\/\/quintascaetano.com\/wp-content\/uploads\/2025\/10\/foto-home-slider-915x610.jpg 915w, https:\/\/quintascaetano.com\/wp-content\/uploads\/2025\/10\/foto-home-slider-1240x827.jpg 1240w, https:\/\/quintascaetano.com\/wp-content\/uploads\/2025\/10\/foto-home-slider-1620x1080.jpg 1620w, https:\/\/quintascaetano.com\/wp-content\/uploads\/2025\/10\/foto-home-slider-63x42.jpg 63w, https:\/\/quintascaetano.com\/wp-content\/uploads\/2025\/10\/foto-home-slider-600x400.jpg 600w\" sizes=\"(max-width: 1024px) 100vw, 1024px\" \/>\t\t\t\t\t\t\t\t\t\t\t\t\t\t\t<\/div>\n\t\t\t\t<\/div>\n\t\t\t\t\t<\/div>\n\t\t<\/div>\n\t\t\t\t<div class=\"elementor-column elementor-col-50 elementor-top-column elementor-element elementor-element-ba27e45\" data-id=\"ba27e45\" data-element_type=\"column\" data-settings=\"{&quot;background_background&quot;:&quot;classic&quot;}\">\n\t\t\t<div class=\"elementor-widget-wrap elementor-element-populated\">\n\t\t\t\t\t\t<div class=\"elementor-element elementor-element-8a2bec8 elementor-position-left elementor-view-default elementor-widget elementor-widget-themo-header\" data-id=\"8a2bec8\" data-element_type=\"widget\" data-widget_type=\"themo-header.default\">\n\t\t\t\t<div class=\"elementor-widget-container\">\n\t\t\t\t\t\t\t<div class=\"th-header-wrap\">\n        <div class=\"elementor-icon-box-wrapper \">\n                            <div class=\"elementor-icon-box-content\">\n                    <h3 class=\"elementor-icon-box-title\">\n                        Ihr Zuhause                    <\/h3>\n                                        <p class=\"elementor-icon-box-description\"><\/p>\n\n                                    <\/div>\n            <\/div>\n\n        <\/div>\n\n\t\t\t\t\t\t<\/div>\n\t\t\t\t<\/div>\n\t\t\t\t<div class=\"elementor-element elementor-element-eddddf7 elementor-position-left elementor-view-default elementor-widget elementor-widget-themo-header\" data-id=\"eddddf7\" data-element_type=\"widget\" data-widget_type=\"themo-header.default\">\n\t\t\t\t<div class=\"elementor-widget-container\">\n\t\t\t\t\t\t\t<div class=\"th-header-wrap\">\n        <div class=\"elementor-icon-box-wrapper \">\n                            <div class=\"elementor-icon-box-content\">\n                    <h3 class=\"elementor-icon-box-title\">\n                        Von der Stra\u00dfe nach Hause: ein Zuhause namens Quinta S\u00e3o Caetano                    <\/h3>\n                                        <p class=\"elementor-icon-box-description\">Fetita, unsere sanfte und ruhige H\u00fcndin, kam eher zuf\u00e4llig zu uns \u2013 sie wurde verlassen an der Regionalstra\u00dfe gefunden und bereichert seitdem unsere Tage mit Z\u00e4rtlichkeit und Gesellschaft.\n\nZu ihr gesellen sich unsere drei bezaubernden Katzen \u2013 Jack, Mia und Mel \u2013 jede mit einer eigenen Pers\u00f6nlichkeit, die die Quinta noch einladender und herzlicher machen.\n<\/p>\n\n                                    <\/div>\n            <\/div>\n\n        <\/div>\n\n\t\t\t\t\t\t<\/div>\n\t\t\t\t<\/div>\n\t\t\t\t\t<\/div>\n\t\t<\/div>\n\t\t\t\t\t<\/div>\n\t\t<\/section>\n\t\t\t\t<section class=\"elementor-section elementor-top-section elementor-element elementor-element-963b19f elementor-section-boxed elementor-section-height-default elementor-section-height-default\" data-id=\"963b19f\" data-element_type=\"section\" data-settings=\"{&quot;background_background&quot;:&quot;classic&quot;}\">\n\t\t\t\t\t\t<div class=\"elementor-container elementor-column-gap-default\">\n\t\t\t\t\t<div class=\"elementor-column elementor-col-100 elementor-top-column elementor-element elementor-element-e4c9a96\" data-id=\"e4c9a96\" data-element_type=\"column\" data-settings=\"{&quot;background_background&quot;:&quot;classic&quot;}\">\n\t\t\t<div class=\"elementor-widget-wrap elementor-element-populated\">\n\t\t\t\t\t\t<div class=\"elementor-element elementor-element-52310e3 elementor-widget elementor-widget-heading\" data-id=\"52310e3\" data-element_type=\"widget\" data-widget_type=\"heading.default\">\n\t\t\t\t<div class=\"elementor-widget-container\">\n\t\t\t\t\t<h2 class=\"elementor-heading-title elementor-size-default\">Ein bezaubernder Ort<\/h2>\t\t\t\t<\/div>\n\t\t\t\t<\/div>\n\t\t<div class=\"elementor-element elementor-element-ec8bdc5 e-flex e-con-boxed e-con e-parent\" data-id=\"ec8bdc5\" data-element_type=\"container\">\n\t\t\t\t\t<div class=\"e-con-inner\">\n\t\t\t\t<div class=\"elementor-element elementor-element-32e336b elementor-widget elementor-widget-heading\" data-id=\"32e336b\" data-element_type=\"widget\" data-widget_type=\"heading.default\">\n\t\t\t\t<div class=\"elementor-widget-container\">\n\t\t\t\t\t<h1 class=\"elementor-heading-title elementor-size-default\">Quinta S\u00e3o Caetano<\/h1>\t\t\t\t<\/div>\n\t\t\t\t<\/div>\n\t\t\t\t<div class=\"elementor-element elementor-element-7cbcb39 elementor-widget elementor-widget-text-editor\" data-id=\"7cbcb39\" data-element_type=\"widget\" data-widget_type=\"text-editor.default\">\n\t\t\t\t<div class=\"elementor-widget-container\">\n\t\t\t\t\t\t\t\t\tDas Erwachen mit dem Klang der V\u00f6gel, der umliegende Rasen und der Garten mit saisonalen Blumen in der N\u00e4he nahezu aller Bereiche des Anwesens sowie das angrenzende Waldgebiet verleihen allen, die sich f\u00fcr uns entscheiden, einen besonderen Charme.\t\t\t\t\t\t\t\t<\/div>\n\t\t\t\t<\/div>\n\t\t\t\t<div class=\"elementor-element elementor-element-bdf172b elementor-align-center elementor-widget elementor-widget-button\" data-id=\"bdf172b\" data-element_type=\"widget\" data-widget_type=\"button.default\">\n\t\t\t\t<div class=\"elementor-widget-container\">\n\t\t\t\t\t\t\t\t\t<div class=\"elementor-button-wrapper\">\n\t\t\t\t\t<a class=\"elementor-button elementor-button-link elementor-size-sm\" href=\"#\">\n\t\t\t\t\t\t<span class=\"elementor-button-content-wrapper\">\n\t\t\t\t\t\t\t\t\t<span class=\"elementor-button-text\">JETZT BUCHEN<\/span>\n\t\t\t\t\t<\/span>\n\t\t\t\t\t<\/a>\n\t\t\t\t<\/div>\n\t\t\t\t\t\t\t\t<\/div>\n\t\t\t\t<\/div>\n\t\t\t\t\t<\/div>\n\t\t\t\t<\/div>\n\t\t\t\t\t<\/div>\n\t\t<\/div>\n\t\t\t\t\t<\/div>\n\t\t<\/section>\n\t\t\t\t<\/div>\n\t\t","protected":false},"excerpt":{"rendered":"<p>Ihr Zuhause auf den Azoren Wo Tradition auf Komfort trifft. Die Quinta de S\u00e3o Caetano wurde im Jahr 1875 als landwirtschaftliches Anwesen errichtet und im Laufe der Jahre mehrfach baulich angepasst, wobei die charakteristischen Merkmale der l\u00e4ndlichen Architektur der Region &hellip; <a href=\"https:\/\/quintascaetano.com\/de\/ueber-uns\/\">Read More<\/a><\/p>\n","protected":false},"author":1,"featured_media":0,"parent":0,"menu_order":10,"comment_status":"closed","ping_status":"closed","template":"","meta":{"_acf_changed":false,"footnotes":""},"class_list":["post-1781","page","type-page","status-publish","hentry"],"acf":[],"yoast_head":"<!-- This site is optimized with the Yoast SEO plugin v26.2 - https:\/\/yoast.com\/wordpress\/plugins\/seo\/ -->\n<title>\u00dcber uns - Quinta Sao Caetano<\/title>\n<meta name=\"description\" content=\"\u00dcber uns: Ein bezaubernder Ort, um einen ruhigen, gem\u00fctlichen und wahrhaft entspannten Urlaub zu genie\u00dfen. Buchen Sie jetzt!\" \/>\n<meta name=\"robots\" content=\"index, follow, max-snippet:-1, max-image-preview:large, max-video-preview:-1\" \/>\n<link rel=\"canonical\" href=\"https:\/\/quintascaetano.com\/de\/ueber-uns\/\" \/>\n<meta property=\"og:locale\" content=\"de_DE\" \/>\n<meta property=\"og:type\" content=\"article\" \/>\n<meta property=\"og:title\" content=\"\u00dcber uns - Quinta Sao Caetano\" \/>\n<meta property=\"og:description\" content=\"\u00dcber uns: Ein bezaubernder Ort, um einen ruhigen, gem\u00fctlichen und wahrhaft entspannten Urlaub zu genie\u00dfen. Buchen Sie jetzt!\" \/>\n<meta property=\"og:url\" content=\"https:\/\/quintascaetano.com\/de\/ueber-uns\/\" \/>\n<meta property=\"og:site_name\" content=\"Quinta Sao Caetano\" \/>\n<meta property=\"article:modified_time\" content=\"2025-11-21T12:54:26+00:00\" \/>\n<meta property=\"og:image\" content=\"https:\/\/quintascaetano.com\/wp-content\/uploads\/2025\/10\/foto-home-slider-1024x683.jpg\" \/>\n<meta name=\"twitter:card\" content=\"summary_large_image\" \/>\n<meta name=\"twitter:label1\" content=\"Gesch\u00e4tzte Lesezeit\" \/>\n\t<meta name=\"twitter:data1\" content=\"2\u00a0Minuten\" \/>\n<script type=\"application\/ld+json\" class=\"yoast-schema-graph\">{\"@context\":\"https:\/\/schema.org\",\"@graph\":[{\"@type\":\"WebPage\",\"@id\":\"https:\/\/quintascaetano.com\/de\/ueber-uns\/\",\"url\":\"https:\/\/quintascaetano.com\/de\/ueber-uns\/\",\"name\":\"\u00dcber uns - Quinta Sao Caetano\",\"isPartOf\":{\"@id\":\"https:\/\/quintascaetano.com\/de\/#website\"},\"primaryImageOfPage\":{\"@id\":\"https:\/\/quintascaetano.com\/de\/ueber-uns\/#primaryimage\"},\"image\":{\"@id\":\"https:\/\/quintascaetano.com\/de\/ueber-uns\/#primaryimage\"},\"thumbnailUrl\":\"https:\/\/quintascaetano.com\/wp-content\/uploads\/2025\/10\/foto-home-slider-1024x683.jpg\",\"datePublished\":\"2025-10-20T12:02:41+00:00\",\"dateModified\":\"2025-11-21T12:54:26+00:00\",\"description\":\"\u00dcber uns: Ein bezaubernder Ort, um einen ruhigen, gem\u00fctlichen und wahrhaft entspannten Urlaub zu genie\u00dfen. Buchen Sie jetzt!\",\"breadcrumb\":{\"@id\":\"https:\/\/quintascaetano.com\/de\/ueber-uns\/#breadcrumb\"},\"inLanguage\":\"de\",\"potentialAction\":[{\"@type\":\"ReadAction\",\"target\":[\"https:\/\/quintascaetano.com\/de\/ueber-uns\/\"]}]},{\"@type\":\"ImageObject\",\"inLanguage\":\"de\",\"@id\":\"https:\/\/quintascaetano.com\/de\/ueber-uns\/#primaryimage\",\"url\":\"https:\/\/quintascaetano.com\/wp-content\/uploads\/2025\/10\/foto-home-slider-1024x683.jpg\",\"contentUrl\":\"https:\/\/quintascaetano.com\/wp-content\/uploads\/2025\/10\/foto-home-slider-1024x683.jpg\"},{\"@type\":\"BreadcrumbList\",\"@id\":\"https:\/\/quintascaetano.com\/de\/ueber-uns\/#breadcrumb\",\"itemListElement\":[{\"@type\":\"ListItem\",\"position\":1,\"name\":\"Home\",\"item\":\"https:\/\/quintascaetano.com\/de\/\"},{\"@type\":\"ListItem\",\"position\":2,\"name\":\"\u00dcber uns\"}]},{\"@type\":\"WebSite\",\"@id\":\"https:\/\/quintascaetano.com\/de\/#website\",\"url\":\"https:\/\/quintascaetano.com\/de\/\",\"name\":\"Quinta de S\u00e3o Caetano - S\u00e3o Miguel A\u00e7ores\",\"description\":\"Quinta S\u00e3o Caetano - Sao Miguel - Azores\",\"potentialAction\":[{\"@type\":\"SearchAction\",\"target\":{\"@type\":\"EntryPoint\",\"urlTemplate\":\"https:\/\/quintascaetano.com\/de\/?s={search_term_string}\"},\"query-input\":{\"@type\":\"PropertyValueSpecification\",\"valueRequired\":true,\"valueName\":\"search_term_string\"}}],\"inLanguage\":\"de\"}]}<\/script>\n<!-- \/ Yoast SEO plugin. -->","yoast_head_json":{"title":"\u00dcber uns - Quinta Sao Caetano","description":"\u00dcber uns: Ein bezaubernder Ort, um einen ruhigen, gem\u00fctlichen und wahrhaft entspannten Urlaub zu genie\u00dfen. Buchen Sie jetzt!","robots":{"index":"index","follow":"follow","max-snippet":"max-snippet:-1","max-image-preview":"max-image-preview:large","max-video-preview":"max-video-preview:-1"},"canonical":"https:\/\/quintascaetano.com\/de\/ueber-uns\/","og_locale":"de_DE","og_type":"article","og_title":"\u00dcber uns - Quinta Sao Caetano","og_description":"\u00dcber uns: Ein bezaubernder Ort, um einen ruhigen, gem\u00fctlichen und wahrhaft entspannten Urlaub zu genie\u00dfen. Buchen Sie jetzt!","og_url":"https:\/\/quintascaetano.com\/de\/ueber-uns\/","og_site_name":"Quinta Sao Caetano","article_modified_time":"2025-11-21T12:54:26+00:00","og_image":[{"url":"https:\/\/quintascaetano.com\/wp-content\/uploads\/2025\/10\/foto-home-slider-1024x683.jpg","type":"","width":"","height":""}],"twitter_card":"summary_large_image","twitter_misc":{"Gesch\u00e4tzte Lesezeit":"2\u00a0Minuten"},"schema":{"@context":"https:\/\/schema.org","@graph":[{"@type":"WebPage","@id":"https:\/\/quintascaetano.com\/de\/ueber-uns\/","url":"https:\/\/quintascaetano.com\/de\/ueber-uns\/","name":"\u00dcber uns - Quinta Sao Caetano","isPartOf":{"@id":"https:\/\/quintascaetano.com\/de\/#website"},"primaryImageOfPage":{"@id":"https:\/\/quintascaetano.com\/de\/ueber-uns\/#primaryimage"},"image":{"@id":"https:\/\/quintascaetano.com\/de\/ueber-uns\/#primaryimage"},"thumbnailUrl":"https:\/\/quintascaetano.com\/wp-content\/uploads\/2025\/10\/foto-home-slider-1024x683.jpg","datePublished":"2025-10-20T12:02:41+00:00","dateModified":"2025-11-21T12:54:26+00:00","description":"\u00dcber uns: Ein bezaubernder Ort, um einen ruhigen, gem\u00fctlichen und wahrhaft entspannten Urlaub zu genie\u00dfen. Buchen Sie jetzt!","breadcrumb":{"@id":"https:\/\/quintascaetano.com\/de\/ueber-uns\/#breadcrumb"},"inLanguage":"de","potentialAction":[{"@type":"ReadAction","target":["https:\/\/quintascaetano.com\/de\/ueber-uns\/"]}]},{"@type":"ImageObject","inLanguage":"de","@id":"https:\/\/quintascaetano.com\/de\/ueber-uns\/#primaryimage","url":"https:\/\/quintascaetano.com\/wp-content\/uploads\/2025\/10\/foto-home-slider-1024x683.jpg","contentUrl":"https:\/\/quintascaetano.com\/wp-content\/uploads\/2025\/10\/foto-home-slider-1024x683.jpg"},{"@type":"BreadcrumbList","@id":"https:\/\/quintascaetano.com\/de\/ueber-uns\/#breadcrumb","itemListElement":[{"@type":"ListItem","position":1,"name":"Home","item":"https:\/\/quintascaetano.com\/de\/"},{"@type":"ListItem","position":2,"name":"\u00dcber uns"}]},{"@type":"WebSite","@id":"https:\/\/quintascaetano.com\/de\/#website","url":"https:\/\/quintascaetano.com\/de\/","name":"Quinta de S\u00e3o Caetano - S\u00e3o Miguel A\u00e7ores","description":"Quinta S\u00e3o Caetano - Sao Miguel - Azores","potentialAction":[{"@type":"SearchAction","target":{"@type":"EntryPoint","urlTemplate":"https:\/\/quintascaetano.com\/de\/?s={search_term_string}"},"query-input":{"@type":"PropertyValueSpecification","valueRequired":true,"valueName":"search_term_string"}}],"inLanguage":"de"}]}},"_links":{"self":[{"href":"https:\/\/quintascaetano.com\/de\/wp-json\/wp\/v2\/pages\/1781","targetHints":{"allow":["GET"]}}],"collection":[{"href":"https:\/\/quintascaetano.com\/de\/wp-json\/wp\/v2\/pages"}],"about":[{"href":"https:\/\/quintascaetano.com\/de\/wp-json\/wp\/v2\/types\/page"}],"author":[{"embeddable":true,"href":"https:\/\/quintascaetano.com\/de\/wp-json\/wp\/v2\/users\/1"}],"replies":[{"embeddable":true,"href":"https:\/\/quintascaetano.com\/de\/wp-json\/wp\/v2\/comments?post=1781"}],"version-history":[{"count":22,"href":"https:\/\/quintascaetano.com\/de\/wp-json\/wp\/v2\/pages\/1781\/revisions"}],"predecessor-version":[{"id":2266,"href":"https:\/\/quintascaetano.com\/de\/wp-json\/wp\/v2\/pages\/1781\/revisions\/2266"}],"wp:attachment":[{"href":"https:\/\/quintascaetano.com\/de\/wp-json\/wp\/v2\/media?parent=1781"}],"curies":[{"name":"wp","href":"https:\/\/api.w.org\/{rel}","templated":true}]}}