{"id":1821,"date":"2025-10-21T12:23:36","date_gmt":"2025-10-21T13:23:36","guid":{"rendered":"https:\/\/quintascaetano.com\/contatos\/"},"modified":"2025-12-30T12:45:09","modified_gmt":"2025-12-30T13:45:09","slug":"kontakte","status":"publish","type":"page","link":"https:\/\/quintascaetano.com\/de\/kontakte\/","title":{"rendered":"Kontakte"},"content":{"rendered":"\t\t<div data-elementor-type=\"wp-post\" data-elementor-id=\"1821\" class=\"elementor elementor-1821 elementor-833\" data-elementor-post-type=\"page\">\n\t\t\t\t\t\t<section class=\"elementor-section elementor-top-section elementor-element elementor-element-2b3f7e65 elementor-section-full_width elementor-section-height-min-height elementor-section-height-default elementor-section-items-middle\" data-id=\"2b3f7e65\" data-element_type=\"section\">\n\t\t\t\t\t\t\t<div class=\"elementor-background-overlay\"><\/div>\n\t\t\t\t\t\t\t<div class=\"elementor-container elementor-column-gap-no\">\n\t\t\t\t\t<div class=\"elementor-column elementor-col-100 elementor-top-column elementor-element elementor-element-3aafdd82\" data-id=\"3aafdd82\" data-element_type=\"column\">\n\t\t\t<div class=\"elementor-widget-wrap elementor-element-populated\">\n\t\t\t\t\t\t<div class=\"elementor-element elementor-element-0894054 elementor-widget elementor-widget-html\" data-id=\"0894054\" data-element_type=\"widget\" data-widget_type=\"html.default\">\n\t\t\t\t<div class=\"elementor-widget-container\">\n\t\t\t\t\t<iframe src=\"https:\/\/www.google.com\/maps\/d\/embed?mid=1tkCetodzyFyYWQ8jnvOO2p8-sYabo-U&ehbc=2E312F\" width=\"100%\" height=\"700\" style=\"border:0;\" allowfullscreen=\"\" loading=\"lazy\" referrerpolicy=\"no-referrer-when-downgrade\" style=\"width:100%; height:100%;\"><\/iframe>\t\t\t\t<\/div>\n\t\t\t\t<\/div>\n\t\t\t\t\t<\/div>\n\t\t<\/div>\n\t\t\t\t\t<\/div>\n\t\t<\/section>\n\t\t\t\t<section class=\"elementor-section elementor-top-section elementor-element elementor-element-963b19f elementor-section-boxed elementor-section-height-default elementor-section-height-default\" data-id=\"963b19f\" data-element_type=\"section\" data-settings=\"{&quot;background_background&quot;:&quot;classic&quot;}\">\n\t\t\t\t\t\t<div class=\"elementor-container elementor-column-gap-wide\">\n\t\t\t\t\t<div class=\"elementor-column elementor-col-33 elementor-top-column elementor-element elementor-element-e4c9a96\" data-id=\"e4c9a96\" data-element_type=\"column\" data-settings=\"{&quot;background_background&quot;:&quot;classic&quot;}\">\n\t\t\t<div class=\"elementor-widget-wrap elementor-element-populated\">\n\t\t\t\t<div class=\"elementor-element elementor-element-ec8bdc5 e-con-full e-flex e-con e-parent\" data-id=\"ec8bdc5\" data-element_type=\"container\">\n\t\t\t\t<div class=\"elementor-element elementor-element-f7480b0 elementor-position-left elementor-vertical-align-middle elementor-view-default elementor-mobile-position-top elementor-widget elementor-widget-icon-box\" data-id=\"f7480b0\" data-element_type=\"widget\" data-widget_type=\"icon-box.default\">\n\t\t\t\t<div class=\"elementor-widget-container\">\n\t\t\t\t\t\t\t<div class=\"elementor-icon-box-wrapper\">\n\n\t\t\t\t\t\t<div class=\"elementor-icon-box-icon\">\n\t\t\t\t<span  class=\"elementor-icon\">\n\t\t\t\t<i aria-hidden=\"true\" class=\"fab fa-rocketchat\"><\/i>\t\t\t\t<\/span>\n\t\t\t<\/div>\n\t\t\t\n\t\t\t\t\t\t<div class=\"elementor-icon-box-content\">\n\n\t\t\t\t\t\t\t\t\t<h3 class=\"elementor-icon-box-title\">\n\t\t\t\t\t\t<span  >\n\t\t\t\t\t\t\tHaushalt\t\t\t\t\t\t<\/span>\n\t\t\t\t\t<\/h3>\n\t\t\t\t\n\t\t\t\t\t\t\t\t\t<p class=\"elementor-icon-box-description\">\n\t\t\t\t\t\tEstrada Regional do P\u00f3pulo de Baixo n\u00ba 195\n9500-613 Livramento\nS\u00e3o Miguel, A\u00e7ores\t\t\t\t\t<\/p>\n\t\t\t\t\n\t\t\t<\/div>\n\t\t\t\n\t\t<\/div>\n\t\t\t\t\t\t<\/div>\n\t\t\t\t<\/div>\n\t\t\t\t<\/div>\n\t\t\t\t\t<\/div>\n\t\t<\/div>\n\t\t\t\t<div class=\"elementor-column elementor-col-33 elementor-top-column elementor-element elementor-element-fc72773\" data-id=\"fc72773\" data-element_type=\"column\" data-settings=\"{&quot;background_background&quot;:&quot;classic&quot;}\">\n\t\t\t<div class=\"elementor-widget-wrap elementor-element-populated\">\n\t\t\t\t<div class=\"elementor-element elementor-element-824f705 e-con-full e-flex e-con e-parent\" data-id=\"824f705\" data-element_type=\"container\">\n\t\t\t\t<div class=\"elementor-element elementor-element-925609f elementor-position-left elementor-vertical-align-middle elementor-view-default elementor-mobile-position-top elementor-widget elementor-widget-icon-box\" data-id=\"925609f\" data-element_type=\"widget\" data-widget_type=\"icon-box.default\">\n\t\t\t\t<div class=\"elementor-widget-container\">\n\t\t\t\t\t\t\t<div class=\"elementor-icon-box-wrapper\">\n\n\t\t\t\t\t\t<div class=\"elementor-icon-box-icon\">\n\t\t\t\t<span  class=\"elementor-icon\">\n\t\t\t\t<i aria-hidden=\"true\" class=\"fas fa-mobile-alt\"><\/i>\t\t\t\t<\/span>\n\t\t\t<\/div>\n\t\t\t\n\t\t\t\t\t\t<div class=\"elementor-icon-box-content\">\n\n\t\t\t\t\t\t\t\t\t<h3 class=\"elementor-icon-box-title\">\n\t\t\t\t\t\t<span  >\n\t\t\t\t\t\t\tKontaktieren Sie uns\t\t\t\t\t\t<\/span>\n\t\t\t\t\t<\/h3>\n\t\t\t\t\n\t\t\t\t\t\t\t\t\t<p class=\"elementor-icon-box-description\">\n\t\t\t\t\t\t(+351) 919 280 510\n(+351) 296 381 233\t\t\t\t\t<\/p>\n\t\t\t\t\n\t\t\t<\/div>\n\t\t\t\n\t\t<\/div>\n\t\t\t\t\t\t<\/div>\n\t\t\t\t<\/div>\n\t\t\t\t<\/div>\n\t\t\t\t\t<\/div>\n\t\t<\/div>\n\t\t\t\t<div class=\"elementor-column elementor-col-33 elementor-top-column elementor-element elementor-element-cc879f1\" data-id=\"cc879f1\" data-element_type=\"column\" data-settings=\"{&quot;background_background&quot;:&quot;classic&quot;}\">\n\t\t\t<div class=\"elementor-widget-wrap elementor-element-populated\">\n\t\t\t\t<div class=\"elementor-element elementor-element-46f8d6c e-con-full e-flex e-con e-parent\" data-id=\"46f8d6c\" data-element_type=\"container\">\n\t\t\t\t<div class=\"elementor-element elementor-element-03cb30c elementor-position-left elementor-vertical-align-middle elementor-view-default elementor-mobile-position-top elementor-widget elementor-widget-icon-box\" data-id=\"03cb30c\" data-element_type=\"widget\" data-widget_type=\"icon-box.default\">\n\t\t\t\t<div class=\"elementor-widget-container\">\n\t\t\t\t\t\t\t<div class=\"elementor-icon-box-wrapper\">\n\n\t\t\t\t\t\t<div class=\"elementor-icon-box-icon\">\n\t\t\t\t<span  class=\"elementor-icon\">\n\t\t\t\t<i aria-hidden=\"true\" class=\"fas fa-mail-bulk\"><\/i>\t\t\t\t<\/span>\n\t\t\t<\/div>\n\t\t\t\n\t\t\t\t\t\t<div class=\"elementor-icon-box-content\">\n\n\t\t\t\t\t\t\t\t\t<h3 class=\"elementor-icon-box-title\">\n\t\t\t\t\t\t<span  >\n\t\t\t\t\t\t\tE-mail\t\t\t\t\t\t<\/span>\n\t\t\t\t\t<\/h3>\n\t\t\t\t\n\t\t\t\t\t\t\t\t\t<p class=\"elementor-icon-box-description\">\n\t\t\t\t\t\tinfo@quintascaetano.com\t\t\t\t\t<\/p>\n\t\t\t\t\n\t\t\t<\/div>\n\t\t\t\n\t\t<\/div>\n\t\t\t\t\t\t<\/div>\n\t\t\t\t<\/div>\n\t\t\t\t<\/div>\n\t\t\t\t\t<\/div>\n\t\t<\/div>\n\t\t\t\t\t<\/div>\n\t\t<\/section>\n\t\t\t\t<section class=\"elementor-section elementor-top-section elementor-element elementor-element-7e8016c elementor-section-height-min-height elementor-section-boxed elementor-section-height-default elementor-section-items-middle\" data-id=\"7e8016c\" data-element_type=\"section\" data-settings=\"{&quot;background_background&quot;:&quot;classic&quot;}\">\n\t\t\t\t\t\t<div class=\"elementor-container elementor-column-gap-wide\">\n\t\t\t\t\t<div class=\"elementor-column elementor-col-50 elementor-top-column elementor-element elementor-element-ba27e45\" data-id=\"ba27e45\" data-element_type=\"column\" data-settings=\"{&quot;background_background&quot;:&quot;classic&quot;}\">\n\t\t\t<div class=\"elementor-widget-wrap elementor-element-populated\">\n\t\t\t\t\t\t<div class=\"elementor-element elementor-element-8a2bec8 elementor-position-left elementor-view-default elementor-widget elementor-widget-themo-header\" data-id=\"8a2bec8\" data-element_type=\"widget\" data-widget_type=\"themo-header.default\">\n\t\t\t\t<div class=\"elementor-widget-container\">\n\t\t\t\t\t\t\t<div class=\"th-header-wrap\">\n        <div class=\"elementor-icon-box-wrapper \">\n                            <div class=\"elementor-icon-box-content\">\n                    <h3 class=\"elementor-icon-box-title\">\n                        Von der Stra\u00dfe nach Hause: ein Zuhause namens Quinta S\u00e3o Caetano                    <\/h3>\n                                        <p class=\"elementor-icon-box-description\">Z\u00f6gern Sie nicht, uns zu kontaktieren, wir freuen uns auf Sie.\nSie finden uns an der Estrada Regional do P\u00f3pulo 195 in Livramento auf S\u00e3o Miguel auf den Azoren.<\/p>\n\n                                    <\/div>\n            <\/div>\n\n        <\/div>\n\n\t\t\t\t\t\t<\/div>\n\t\t\t\t<\/div>\n\t\t\t\t\t<\/div>\n\t\t<\/div>\n\t\t\t\t<div class=\"elementor-column elementor-col-50 elementor-top-column elementor-element elementor-element-aacd07a\" data-id=\"aacd07a\" data-element_type=\"column\" data-settings=\"{&quot;background_background&quot;:&quot;classic&quot;}\">\n\t\t\t<div class=\"elementor-widget-wrap elementor-element-populated\">\n\t\t\t\t\t\t<div class=\"elementor-element elementor-element-8465b0c elementor-widget elementor-widget-heading\" data-id=\"8465b0c\" data-element_type=\"widget\" data-widget_type=\"heading.default\">\n\t\t\t\t<div class=\"elementor-widget-container\">\n\t\t\t\t\t<h3 class=\"elementor-heading-title elementor-size-default\">Hinterlassen Sie uns eine Nachricht.<\/h3>\t\t\t\t<\/div>\n\t\t\t\t<\/div>\n\t\t\t\t<div class=\"elementor-element elementor-element-8dc9378 elementor-widget elementor-widget-text-editor\" data-id=\"8dc9378\" data-element_type=\"widget\" data-widget_type=\"text-editor.default\">\n\t\t\t\t<div class=\"elementor-widget-container\">\n\t\t\t\t\t\t\t\t\t<p>Wir sind immer f\u00fcr Sie da.<\/p>\t\t\t\t\t\t\t\t<\/div>\n\t\t\t\t<\/div>\n\t\t\t\t<div class=\"elementor-element elementor-element-41cdcb7 elementor-button-align-start elementor-widget elementor-widget-form\" data-id=\"41cdcb7\" data-element_type=\"widget\" data-settings=\"{&quot;step_next_label&quot;:&quot;Next&quot;,&quot;step_previous_label&quot;:&quot;Previous&quot;,&quot;button_width&quot;:&quot;100&quot;,&quot;step_type&quot;:&quot;number_text&quot;,&quot;step_icon_shape&quot;:&quot;circle&quot;}\" data-widget_type=\"form.default\">\n\t\t\t\t<div class=\"elementor-widget-container\">\n\t\t\t\t\t\t\t<form class=\"elementor-form\" method=\"post\" name=\"New Form\">\n\t\t\t<input type=\"hidden\" name=\"post_id\" value=\"1821\"\/>\n\t\t\t<input type=\"hidden\" name=\"form_id\" value=\"41cdcb7\"\/>\n\t\t\t<input type=\"hidden\" name=\"referer_title\" value=\"Quinta Sao Caetano\" \/>\n\n\t\t\t\n\t\t\t<div class=\"elementor-form-fields-wrapper elementor-labels-above\">\n\t\t\t\t\t\t\t\t<div class=\"elementor-field-type-text elementor-field-group elementor-column elementor-field-group-name elementor-col-100\">\n\t\t\t\t\t\t\t\t\t\t\t\t\t<input size=\"1\" type=\"text\" name=\"form_fields[name]\" id=\"form-field-name\" class=\"elementor-field elementor-size-sm  elementor-field-textual\" placeholder=\"Name\">\n\t\t\t\t\t\t\t\t\t\t\t<\/div>\n\t\t\t\t\t\t\t\t<div class=\"elementor-field-type-email elementor-field-group elementor-column elementor-field-group-email elementor-col-100 elementor-field-required\">\n\t\t\t\t\t\t\t\t\t\t\t\t\t<input size=\"1\" type=\"email\" name=\"form_fields[email]\" id=\"form-field-email\" class=\"elementor-field elementor-size-sm  elementor-field-textual\" placeholder=\"E-mail\" required=\"required\">\n\t\t\t\t\t\t\t\t\t\t\t<\/div>\n\t\t\t\t\t\t\t\t<div class=\"elementor-field-type-textarea elementor-field-group elementor-column elementor-field-group-message elementor-col-100\">\n\t\t\t\t\t<textarea class=\"elementor-field-textual elementor-field  elementor-size-sm\" name=\"form_fields[message]\" id=\"form-field-message\" rows=\"10\" placeholder=\"Nachricht\"><\/textarea>\t\t\t\t<\/div>\n\t\t\t\t\t\t\t\t<div class=\"elementor-field-type-acceptance elementor-field-group elementor-column elementor-field-group-field_9aae717 elementor-col-100\">\n\t\t\t\t\t\t\t<div class=\"elementor-field-subgroup\">\n\t\t\t<span class=\"elementor-field-option\">\n\t\t\t\t<input type=\"checkbox\" name=\"form_fields[field_9aae717]\" id=\"form-field-field_9aae717\" class=\"elementor-field elementor-size-sm  elementor-acceptance-field\">\n\t\t\t\t<label for=\"form-field-field_9aae717\"><span style=\"color: #fff; font-size: 16px!important; font-weight: normal!important;\">\n  Ich m\u00f6chte meine Nachricht senden \u2013 Ich habe die \n  <a href=\"https:\/\/quintascaetano.com\/termos-e-condicoes\/\" target=\"_blank\" style=\"text-decoration: underline; color: #fff; font-family: 'Open Sans', sans-serif; font-size: 16px!important;\">\n    Allgemeinen Gesch\u00e4ftsbedingungen\n  <\/a> \n  und die \n  <a href=\"https:\/\/quintascaetano.com\/politica-privacidade\/\" target=\"_blank\" style=\"text-decoration: underline; color: #fff; font-family: 'Open Sans', sans-serif; font-size: 16px!important;\">\n    Datenschutzerkl\u00e4rung\n  <\/a> gelesen und akzeptiert.\n<\/span><\/label>\t\t\t<\/span>\n\t\t<\/div>\n\t\t\t\t\t\t<\/div>\n\t\t\t\t\t\t\t\t<div class=\"elementor-field-group elementor-column elementor-field-type-submit elementor-col-100 e-form__buttons\">\n\t\t\t\t\t<button class=\"elementor-button elementor-size-md\" type=\"submit\">\n\t\t\t\t\t\t<span class=\"elementor-button-content-wrapper\">\n\t\t\t\t\t\t\t\t\t\t\t\t\t\t\t\t\t\t\t\t\t\t<span class=\"elementor-button-text\">Zum Senden<\/span>\n\t\t\t\t\t\t\t\t\t\t\t\t\t<\/span>\n\t\t\t\t\t<\/button>\n\t\t\t\t<\/div>\n\t\t\t<\/div>\n\t\t<\/form>\n\t\t\t\t\t\t<\/div>\n\t\t\t\t<\/div>\n\t\t\t\t\t<\/div>\n\t\t<\/div>\n\t\t\t\t\t<\/div>\n\t\t<\/section>\n\t\t\t\t<\/div>\n\t\t","protected":false},"excerpt":{"rendered":"<p>Haushalt Estrada Regional do P\u00f3pulo de Baixo n\u00ba 195 9500-613 Livramento S\u00e3o Miguel, A\u00e7ores Kontaktieren Sie uns (+351) 919 280 510 (+351) 296 381 233 E-mail info@quintascaetano.com Von der Stra\u00dfe nach Hause: ein Zuhause namens Quinta S\u00e3o Caetano Z\u00f6gern Sie &hellip; <a href=\"https:\/\/quintascaetano.com\/de\/kontakte\/\">Read More<\/a><\/p>\n","protected":false},"author":1,"featured_media":0,"parent":0,"menu_order":10,"comment_status":"closed","ping_status":"closed","template":"","meta":{"_acf_changed":false,"footnotes":""},"class_list":["post-1821","page","type-page","status-publish","hentry"],"acf":[],"yoast_head":"<!-- This site is optimized with the Yoast SEO plugin v26.2 - https:\/\/yoast.com\/wordpress\/plugins\/seo\/ -->\n<title>Kontakte - Quinta Sao Caetano<\/title>\n<meta name=\"description\" content=\"Kontakte: Estrada Regional do P\u00f3pulo, 195 9500-613 Livramento S\u00e3o Miguel, Azoren N 37\u00ba 44\u2032 53,32\u2033; W 25\u00ba 36\u2032 34,06\u2033 Besuchen Sie uns!\" \/>\n<meta name=\"robots\" content=\"index, follow, max-snippet:-1, max-image-preview:large, max-video-preview:-1\" \/>\n<link rel=\"canonical\" href=\"https:\/\/quintascaetano.com\/de\/kontakte\/\" \/>\n<meta property=\"og:locale\" content=\"de_DE\" \/>\n<meta property=\"og:type\" content=\"article\" \/>\n<meta property=\"og:title\" content=\"Kontakte - Quinta Sao Caetano\" \/>\n<meta property=\"og:description\" content=\"Kontakte: Estrada Regional do P\u00f3pulo, 195 9500-613 Livramento S\u00e3o Miguel, Azoren N 37\u00ba 44\u2032 53,32\u2033; W 25\u00ba 36\u2032 34,06\u2033 Besuchen Sie uns!\" \/>\n<meta property=\"og:url\" content=\"https:\/\/quintascaetano.com\/de\/kontakte\/\" \/>\n<meta property=\"og:site_name\" content=\"Quinta Sao Caetano\" \/>\n<meta property=\"article:modified_time\" content=\"2025-12-30T13:45:09+00:00\" \/>\n<meta name=\"twitter:card\" content=\"summary_large_image\" \/>\n<meta name=\"twitter:label1\" content=\"Gesch\u00e4tzte Lesezeit\" \/>\n\t<meta name=\"twitter:data1\" content=\"1\u00a0Minute\" \/>\n<script type=\"application\/ld+json\" class=\"yoast-schema-graph\">{\"@context\":\"https:\/\/schema.org\",\"@graph\":[{\"@type\":\"WebPage\",\"@id\":\"https:\/\/quintascaetano.com\/de\/kontakte\/\",\"url\":\"https:\/\/quintascaetano.com\/de\/kontakte\/\",\"name\":\"Kontakte - Quinta Sao Caetano\",\"isPartOf\":{\"@id\":\"https:\/\/quintascaetano.com\/de\/#website\"},\"datePublished\":\"2025-10-21T13:23:36+00:00\",\"dateModified\":\"2025-12-30T13:45:09+00:00\",\"description\":\"Kontakte: Estrada Regional do P\u00f3pulo, 195 9500-613 Livramento S\u00e3o Miguel, Azoren N 37\u00ba 44\u2032 53,32\u2033; W 25\u00ba 36\u2032 34,06\u2033 Besuchen Sie uns!\",\"breadcrumb\":{\"@id\":\"https:\/\/quintascaetano.com\/de\/kontakte\/#breadcrumb\"},\"inLanguage\":\"de\",\"potentialAction\":[{\"@type\":\"ReadAction\",\"target\":[\"https:\/\/quintascaetano.com\/de\/kontakte\/\"]}]},{\"@type\":\"BreadcrumbList\",\"@id\":\"https:\/\/quintascaetano.com\/de\/kontakte\/#breadcrumb\",\"itemListElement\":[{\"@type\":\"ListItem\",\"position\":1,\"name\":\"Home\",\"item\":\"https:\/\/quintascaetano.com\/de\/\"},{\"@type\":\"ListItem\",\"position\":2,\"name\":\"Kontakte\"}]},{\"@type\":\"WebSite\",\"@id\":\"https:\/\/quintascaetano.com\/de\/#website\",\"url\":\"https:\/\/quintascaetano.com\/de\/\",\"name\":\"Quinta de S\u00e3o Caetano - S\u00e3o Miguel A\u00e7ores\",\"description\":\"Quinta S\u00e3o Caetano - Sao Miguel - Azores\",\"potentialAction\":[{\"@type\":\"SearchAction\",\"target\":{\"@type\":\"EntryPoint\",\"urlTemplate\":\"https:\/\/quintascaetano.com\/de\/?s={search_term_string}\"},\"query-input\":{\"@type\":\"PropertyValueSpecification\",\"valueRequired\":true,\"valueName\":\"search_term_string\"}}],\"inLanguage\":\"de\"}]}<\/script>\n<!-- \/ Yoast SEO plugin. -->","yoast_head_json":{"title":"Kontakte - Quinta Sao Caetano","description":"Kontakte: Estrada Regional do P\u00f3pulo, 195 9500-613 Livramento S\u00e3o Miguel, Azoren N 37\u00ba 44\u2032 53,32\u2033; W 25\u00ba 36\u2032 34,06\u2033 Besuchen Sie uns!","robots":{"index":"index","follow":"follow","max-snippet":"max-snippet:-1","max-image-preview":"max-image-preview:large","max-video-preview":"max-video-preview:-1"},"canonical":"https:\/\/quintascaetano.com\/de\/kontakte\/","og_locale":"de_DE","og_type":"article","og_title":"Kontakte - Quinta Sao Caetano","og_description":"Kontakte: Estrada Regional do P\u00f3pulo, 195 9500-613 Livramento S\u00e3o Miguel, Azoren N 37\u00ba 44\u2032 53,32\u2033; W 25\u00ba 36\u2032 34,06\u2033 Besuchen Sie uns!","og_url":"https:\/\/quintascaetano.com\/de\/kontakte\/","og_site_name":"Quinta Sao Caetano","article_modified_time":"2025-12-30T13:45:09+00:00","twitter_card":"summary_large_image","twitter_misc":{"Gesch\u00e4tzte Lesezeit":"1\u00a0Minute"},"schema":{"@context":"https:\/\/schema.org","@graph":[{"@type":"WebPage","@id":"https:\/\/quintascaetano.com\/de\/kontakte\/","url":"https:\/\/quintascaetano.com\/de\/kontakte\/","name":"Kontakte - Quinta Sao Caetano","isPartOf":{"@id":"https:\/\/quintascaetano.com\/de\/#website"},"datePublished":"2025-10-21T13:23:36+00:00","dateModified":"2025-12-30T13:45:09+00:00","description":"Kontakte: Estrada Regional do P\u00f3pulo, 195 9500-613 Livramento S\u00e3o Miguel, Azoren N 37\u00ba 44\u2032 53,32\u2033; W 25\u00ba 36\u2032 34,06\u2033 Besuchen Sie uns!","breadcrumb":{"@id":"https:\/\/quintascaetano.com\/de\/kontakte\/#breadcrumb"},"inLanguage":"de","potentialAction":[{"@type":"ReadAction","target":["https:\/\/quintascaetano.com\/de\/kontakte\/"]}]},{"@type":"BreadcrumbList","@id":"https:\/\/quintascaetano.com\/de\/kontakte\/#breadcrumb","itemListElement":[{"@type":"ListItem","position":1,"name":"Home","item":"https:\/\/quintascaetano.com\/de\/"},{"@type":"ListItem","position":2,"name":"Kontakte"}]},{"@type":"WebSite","@id":"https:\/\/quintascaetano.com\/de\/#website","url":"https:\/\/quintascaetano.com\/de\/","name":"Quinta de S\u00e3o Caetano - S\u00e3o Miguel A\u00e7ores","description":"Quinta S\u00e3o Caetano - Sao Miguel - Azores","potentialAction":[{"@type":"SearchAction","target":{"@type":"EntryPoint","urlTemplate":"https:\/\/quintascaetano.com\/de\/?s={search_term_string}"},"query-input":{"@type":"PropertyValueSpecification","valueRequired":true,"valueName":"search_term_string"}}],"inLanguage":"de"}]}},"_links":{"self":[{"href":"https:\/\/quintascaetano.com\/de\/wp-json\/wp\/v2\/pages\/1821","targetHints":{"allow":["GET"]}}],"collection":[{"href":"https:\/\/quintascaetano.com\/de\/wp-json\/wp\/v2\/pages"}],"about":[{"href":"https:\/\/quintascaetano.com\/de\/wp-json\/wp\/v2\/types\/page"}],"author":[{"embeddable":true,"href":"https:\/\/quintascaetano.com\/de\/wp-json\/wp\/v2\/users\/1"}],"replies":[{"embeddable":true,"href":"https:\/\/quintascaetano.com\/de\/wp-json\/wp\/v2\/comments?post=1821"}],"version-history":[{"count":19,"href":"https:\/\/quintascaetano.com\/de\/wp-json\/wp\/v2\/pages\/1821\/revisions"}],"predecessor-version":[{"id":2912,"href":"https:\/\/quintascaetano.com\/de\/wp-json\/wp\/v2\/pages\/1821\/revisions\/2912"}],"wp:attachment":[{"href":"https:\/\/quintascaetano.com\/de\/wp-json\/wp\/v2\/media?parent=1821"}],"curies":[{"name":"wp","href":"https:\/\/api.w.org\/{rel}","templated":true}]}}