{"id":1886,"date":"2025-10-17T12:18:07","date_gmt":"2025-10-17T12:18:07","guid":{"rendered":"https:\/\/quintascaetano.com\/termos-e-condicoes\/"},"modified":"2025-11-21T13:03:49","modified_gmt":"2025-11-21T13:03:49","slug":"allgemeine-geschaeftsbedingungen","status":"publish","type":"page","link":"https:\/\/quintascaetano.com\/de\/allgemeine-geschaeftsbedingungen\/","title":{"rendered":"Allgemeine Gesch\u00e4ftsbedingungen"},"content":{"rendered":"\n<h1 class=\"wp-block-heading\"><strong>1. Condi\u00e7\u00f5es Gerais<\/strong><\/h1>\n\n\n\n<div style=\"height:50px\" aria-hidden=\"true\" class=\"wp-block-spacer\"><\/div>\n\n\n\n<p>1.1. Das Unternehmen Luis Godofredo Amaral Pimentel mit Sitz in Rua de S\u00e3o Caetano, Nr. 38, 9500-613, Ponta Delgada, juristische Person Nr. 153567899, die auch ihre Registrierungsnummer im Handelsregister von Ponta Delgada ist, mit einem Stammkapital von 50.000,00 \u20ac, ist verantwortlich f\u00fcr die Website https:\/\/quintascaetano.com\/ (im Folgenden \u201eWebsite\u201c).<\/p>\n\n\n\n<p>1.2. Der Nutzer erkl\u00e4rt sich damit einverstanden, die hier beschriebenen Nutzungsbedingungen sowie alle zuk\u00fcnftigen \u00c4nderungen zu akzeptieren und einzuhalten, da er den von Luis Godofredo Amaral Pimentel auf dieser Website angebotenen Dienst nutzt.<\/p>\n\n\n\n<p>1.3. In den hier genannten Nutzungsbedingungen beziehen wir uns mit den Begriffen \u201ewir\u201d oder \u201eunser\u201d auf Luis Godofredo Amaral Pimentel oder https:\/\/quintascaetano.com\/. Mit den Begriffen \u201eSie\u201d oder \u201eIhr\u201d beziehen wir uns auf jede Person, die die Website nutzt.<\/p>\n\n\n\n<p>1.4. Durch den Zugriff auf diese Website und deren Nutzung unterliegen Sie den vorliegenden Allgemeinen Gesch\u00e4ftsbedingungen sowie unserer Datenschutzerkl\u00e4rung.<br>Durch die Nutzung der Website erkl\u00e4ren Sie sich mit beiden einverstanden. Wenn Sie damit nicht einverstanden sind, m\u00fcssen Sie die Nutzung der Website unverz\u00fcglich einstellen.<\/p>\n\n\n\n<p>1.5. Der Kunde muss die Allgemeinen Gesch\u00e4ftsbedingungen bei jedem Zugriff auf die Website sorgf\u00e4ltig lesen.<\/p>\n\n\n\n<p>1.6. Bei Verst\u00f6\u00dfen gegen eine der hier aufgef\u00fchrten Bedingungen wird Ihr Recht auf Zugriff und Nutzung dieser Website sofort beendet.<\/p>\n\n\n\n<p>1.7. Der Inhalt dieser Website ist urheberrechtlich gesch\u00fctzt und Eigentum von Luis Godofredo Amaral Pimentel.<br>Die Nutzung ohne Zustimmung des Unternehmens ist in keiner Weise gestattet.<\/p>\n\n\n\n<h2 class=\"wp-block-heading\">2. Kostenvoranschlag<\/h2>\n\n\n\n<p>2.1. Jeder \u00fcbermittelte Kostenvoranschlag ist ab dem Datum der \u00dcbermittlung 30 Tage lang g\u00fcltig und kann nach Ablauf dieser Frist \u00fcberarbeitet werden.<\/p>\n\n\n\n<p>2.2. Sollte der \u00fcbermittelte Kostenvoranschlag einen Fehler enthalten, beh\u00e4lt sich Luis Godofredo Amaral Pimentel das Recht vor, diesen w\u00e4hrend seiner G\u00fcltigkeitsdauer (30 Tage) zu korrigieren.<\/p>\n\n\n\n<p>2.3. Jede \u00c4nderung auf Wunsch des Kunden, jede Leistung oder Ausgabe, die nicht im urspr\u00fcnglichen Kostenvoranschlag enthalten ist, ist mit zus\u00e4tzlichen Kosten verbunden.<\/p>\n\n\n\n<hr class=\"wp-block-separator has-alpha-channel-opacity\"\/>\n\n\n\n<h2 class=\"wp-block-heading\">3. Urheberrecht, Eigentumsrechte und Copyright<\/h2>\n\n\n\n<p>3.1. Alle Inhalte dieser Website \u2013 Texte, Design, Illustrationen, Logos, Videos, Audiodateien, Fotos und andere Elemente \u2013 sind durch das Gesetz zum Schutz des Urheberrechts und verwandter Schutzrechte gesch\u00fctzt.<br>Es ist nicht gestattet, diese Inhalte ohne vorherige schriftliche Genehmigung von Luis Godofredo Amaral Pimentel anzuzeigen, zu reproduzieren, zu verbreiten, zu ver\u00e4ndern, zu \u00fcbertragen oder zu verwenden.<\/p>\n\n\n\n<p>3.2. Die Inhalte dieser Website sind durch Urheberrechte, verwandte Schutzrechte, gewerbliche Schutzrechte und das Gesetz \u00fcber Computerkriminalit\u00e4t gesch\u00fctzt und sind Eigentum von Luis Godofredo Amaral Pimentel.<\/p>\n\n\n\n<p>3.3. Die Urheberrechte an der Arbeit werden erst nach Fertigstellung, Genehmigung und vollst\u00e4ndiger Bezahlung auf den Kunden \u00fcbertragen.<\/p>\n\n\n\n<p>3.4. Luis Godofredo Amaral Pimentel beh\u00e4lt sich das Recht vor, keine bearbeitbaren Dateien, Schriftarten oder Software, die bei der Erstellung der Arbeiten verwendet wurden, zur Verf\u00fcgung zu stellen.<\/p>\n\n\n\n<p>3.5. Luis Godofredo Amaral Pimentel beh\u00e4lt sich das Recht vor, rechtliche Schritte gegen Urheber von Kopien, Reproduktionen, Verbreitungen oder unbefugter kommerzieller Nutzung gesch\u00fctzter Inhalte einzuleiten.<\/p>\n\n\n\n<p>3.6. Der Kunde ist daf\u00fcr verantwortlich, sicherzustellen, dass die f\u00fcr die Ausf\u00fchrung der Arbeiten bereitgestellten Materialien keine Urheberrechte Dritter verletzen, und haftet f\u00fcr alle Sch\u00e4den, die Luis Godofredo Amaral Pimentel durch die missbr\u00e4uchliche Verwendung dieser Materialien entstehen.<\/p>\n\n\n\n<hr class=\"wp-block-separator has-alpha-channel-opacity\"\/>\n\n\n\n<h2 class=\"wp-block-heading\">4. Online-Streitbeilegung<\/h2>\n\n\n\n<p>Die Europ\u00e4ische Union hat eine Plattform eingerichtet, um Verbraucher bei der Einreichung von Beschwerden im Zusammenhang mit Verbraucherrechtsstreitigkeiten zu unterst\u00fctzen.<br>Luis Godofredo Amaral Pimentel stellt Ihnen die erforderlichen Informationen zur Aus\u00fcbung dieses Rechts bei einer offiziellen, unabh\u00e4ngigen und unparteiischen Stelle zur Verf\u00fcgung, die Ihnen bei der Beilegung des Konflikts behilflich sein wird.<\/p>\n\n\n\n<p>Wenn Sie mit dem Kauf einer Ware oder Dienstleistung oder mit der von Luis Godofredo Amaral Pimentel vorgelegten L\u00f6sung unzufrieden sind, k\u00f6nnen Sie Ihre Beschwerde unter folgender Adresse einreichen:<br>https:\/\/ec.europa.eu\/consumers\/odr\/main\/index.cfm?event=main.home2.show&amp;lng=PT<\/p>\n\n\n\n<hr class=\"wp-block-separator has-alpha-channel-opacity\"\/>\n\n\n\n<h3 class=\"wp-block-heading\">4.1. Was ist die alternative Streitbeilegung (AS)?<\/h3>\n\n\n\n<p>Die alternative Streitbeilegung erm\u00f6glicht es Verbrauchern, sich vor der Anrufung eines Gerichts an offizielle Stellen zu wenden, um Streitigkeiten beizulegen oder sich beraten zu lassen.<\/p>\n\n\n\n<p>In der Regel wird dabei ein unparteiischer Dritter hinzugezogen, der:<\/p>\n\n\n\n<p>den Konflikt zwischen Kunde und H\u00e4ndler vermittelt;<\/p>\n\n\n\n<p>eine L\u00f6sung vorschlagen oder auferlegen kann;<\/p>\n\n\n\n<p>beide Parteien zusammenbringen kann, um eine Einigung zu erzielen.<\/p>\n\n\n\n<p>Dieser Mechanismus wird auch als Mediation, Schlichtung, Schiedsverfahren oder Verbraucherschlichtungsstelle bezeichnet.<br>Er ist in der Regel schneller, weniger formell und kosteng\u00fcnstiger als ein Gerichtsverfahren.<\/p>\n\n\n\n<hr class=\"wp-block-separator has-alpha-channel-opacity\"\/>\n\n\n\n<p>Stellen f\u00fcr alternative Streitbeilegung (RAL)<\/p>\n\n\n\n<p>CNIACC \u2013 Nationales Zentrum f\u00fcr Information und Schlichtung von Verbraucherkonflikten<br>http:\/\/www.arbitragemdeconsumo.org\/<\/p>\n\n\n\n<p>Schlichtungsstelle f\u00fcr Verbraucherkonflikte in Lissabon<br>http:\/\/www.centroarbitragemlisboa.pt\/<\/p>\n\n\n\n<p>Schlichtungsstelle f\u00fcr Verbraucherkonflikte im Vale do Ave \/ Schiedsgericht<br>http:\/\/www.triave.pt\/<\/p>\n\n\n\n<p>CIAB \u2013 Informations-, Mediations- und Schlichtungsstelle f\u00fcr Verbraucherangelegenheiten<br>http:\/\/www.ciab.pt\/pt\/<\/p>\n\n\n\n<p>CIMPAS \u2013 Informations-, Mediations- und Ombudsstelle f\u00fcr Versicherungen<br>https:\/\/www.cimpas.pt\/<\/p>\n\n\n\n<hr class=\"wp-block-separator has-alpha-channel-opacity\"\/>\n\n\n\n<h2 class=\"wp-block-heading\">5. Zul\u00e4ssige Nutzung \/ Verbotene Aktivit\u00e4ten<\/h2>\n\n\n\n<p>Der Zugriff auf diese Website und ihre Nutzung ist nur f\u00fcr pers\u00f6nliche, nicht kommerzielle Zwecke gestattet, insbesondere f\u00fcr Personen oder Unternehmen, die Dienstleistungen oder Produkte von Luis Godofredo Amaral Pimentel erwerben m\u00f6chten.<\/p>\n\n\n\n<p>Alle Aktivit\u00e4ten, die als unangemessen oder illegal angesehen werden, sind verboten, einschlie\u00dflich, aber nicht beschr\u00e4nkt auf:<\/p>\n\n\n\n<p>5.1. Das Verletzen, Verleumden, Bedrohen, Bel\u00e4stigen oder Verletzen der Privatsph\u00e4re Dritter sowie das Ver\u00f6ffentlichen obsz\u00f6ner, beleidigender, unanst\u00e4ndiger oder diskriminierender Inhalte.<\/p>\n\n\n\n<p>5.2. Die Verletzung der Privatsph\u00e4re Dritter durch das Versenden privater Informationen ohne deren Zustimmung.<\/p>\n\n\n\n<p>5.3. Das Versenden von Dateien, die Viren enthalten, oder das Reverse Engineering von Teilen der Website.<\/p>\n\n\n\n<p>5.4. Bots, Crawler, Spider oder andere automatische Datenerfassungssysteme zu verwenden.<\/p>\n\n\n\n<p>5.5. Die Website f\u00fcr illegale Zwecke oder zum Schaden des Ansehens von Luis Godofredo Amaral Pimentel zu nutzen.<br>Die widerrechtliche Aneignung, F\u00e4lschung, unlautere Konkurrenz oder missbr\u00e4uchliche Verwendung von Inhalten sind strafbar.<\/p>\n\n\n\n<hr class=\"wp-block-separator has-alpha-channel-opacity\"\/>\n\n\n\n<h2 class=\"wp-block-heading\">6. Inhalte und Garantien<\/h2>\n\n\n\n<p>6.1. Die auf dieser Website enthaltenen Informationen wurden in gutem Glauben aufgenommen und dienen allgemeinen Informationszwecken. Die Nutzung dieser Informationen erfolgt auf eigene Verantwortung des Nutzers.<\/p>\n\n\n\n<p>6.2. Die Website wird ohne jegliche Gew\u00e4hrleistung bereitgestellt.<br>Es wird nicht garantiert, dass der Zugriff ununterbrochen und fehlerfrei ist, dass die Website frei von Viren ist oder dass die Informationen vollst\u00e4ndig und aktuell sind.<\/p>\n\n\n\n<p>6.3. Luis Godofredo Amaral Pimentel beh\u00e4lt sich das Recht vor, die Website jederzeit ohne vorherige Ank\u00fcndigung zu \u00e4ndern, zu korrigieren, auszusetzen oder zu schlie\u00dfen.<\/p>\n\n\n\n<p>6.4. Luis Godofredo Amaral Pimentel \u00fcberpr\u00fcft die von Dritten \u00fcbermittelten Inhalte nicht vorab und ist nicht f\u00fcr diese verantwortlich.<\/p>\n\n\n\n<p>6.5. Nach Benachrichtigung kann Luis Godofredo Amaral Pimentel Inhalte, die gegen diese Allgemeinen Gesch\u00e4ftsbedingungen versto\u00dfen, untersuchen und entfernen.<\/p>\n\n\n\n<p>6.6. Luis Godofredo Amaral Pimentel \u00fcbernimmt keine Verantwortung f\u00fcr Inhalte, die zwischen Nutzern oder Dritten innerhalb oder au\u00dferhalb der Website \u00fcbertragen werden.<\/p>\n\n\n\n<hr class=\"wp-block-separator has-alpha-channel-opacity\"\/>\n\n\n\n<h2 class=\"wp-block-heading\">Haftung, Nutzung und Risiko<\/h2>\n\n\n\n<p>7.1. Die Nutzung dieser Website erfolgt auf eigene Verantwortung und Gefahr des Nutzers.<\/p>\n\n\n\n<p>7.2. Luis Godofredo Amaral Pimentel, seine Direktoren, Mitarbeiter und Vertreter haften nicht f\u00fcr direkte oder indirekte Sch\u00e4den, einschlie\u00dflich:<\/p>\n\n\n\n<p>Entgangener Gewinne,<\/p>\n\n\n\n<p>Immaterieller Sch\u00e4den,<\/p>\n\n\n\n<p>Viren,<\/p>\n\n\n\n<p>unbefugten Zugriff auf Computersysteme.<\/p>\n\n\n\n<p>Die Website kann externe Links von Dritten enthalten, die nur aus Gr\u00fcnden der Benutzerfreundlichkeit bereitgestellt werden.<br>Luis Godofredo Amaral Pimentel unterst\u00fctzt weder den Inhalt dieser Websites noch \u00fcbernimmt er daf\u00fcr Verantwortung.<\/p>\n\n\n\n<hr class=\"wp-block-separator has-alpha-channel-opacity\"\/>\n\n\n\n<h2 class=\"wp-block-heading\">8. Gerichtsbarkeit und anwendbares Recht<\/h2>\n\n\n\n<p>Luis Godofredo Amaral Pimentel und der Nutzer erkl\u00e4ren sich damit einverstanden, dass alle Streitigkeiten, die sich aus der Nutzung dieser Website ergeben, portugiesischem Recht unterliegen.<\/p>\n\n\n\n<p>Letzte Aktualisierung: 12.11.2025<\/p>\n","protected":false},"excerpt":{"rendered":"<p>1. Condi\u00e7\u00f5es Gerais 1.1. Das Unternehmen Luis Godofredo Amaral Pimentel mit Sitz in Rua de S\u00e3o Caetano, Nr. 38, 9500-613, Ponta Delgada, juristische Person Nr. 153567899, die auch ihre Registrierungsnummer im Handelsregister von Ponta Delgada ist, mit einem Stammkapital von &hellip; <a href=\"https:\/\/quintascaetano.com\/de\/allgemeine-geschaeftsbedingungen\/\">Read More<\/a><\/p>\n","protected":false},"author":1,"featured_media":0,"parent":0,"menu_order":0,"comment_status":"closed","ping_status":"closed","template":"","meta":{"_acf_changed":false,"footnotes":""},"class_list":["post-1886","page","type-page","status-publish","hentry"],"acf":[],"yoast_head":"<!-- This site is optimized with the Yoast SEO plugin v26.2 - https:\/\/yoast.com\/wordpress\/plugins\/seo\/ -->\n<title>Allgemeine Gesch\u00e4ftsbedingungen - Quinta Sao Caetano<\/title>\n<meta name=\"description\" content=\"Allgemeine Gesch\u00e4ftsbedingungen: Durch den Zugriff auf und die Nutzung der Website unterliegen Sie den Allgemeinen Gesch\u00e4ftsbedingungen.\" \/>\n<meta name=\"robots\" content=\"index, follow, max-snippet:-1, max-image-preview:large, max-video-preview:-1\" \/>\n<link rel=\"canonical\" href=\"https:\/\/quintascaetano.com\/de\/allgemeine-geschaeftsbedingungen\/\" \/>\n<meta property=\"og:locale\" content=\"de_DE\" \/>\n<meta property=\"og:type\" content=\"article\" \/>\n<meta property=\"og:title\" content=\"Allgemeine Gesch\u00e4ftsbedingungen - Quinta Sao Caetano\" \/>\n<meta property=\"og:description\" content=\"Allgemeine Gesch\u00e4ftsbedingungen: Durch den Zugriff auf und die Nutzung der Website unterliegen Sie den Allgemeinen Gesch\u00e4ftsbedingungen.\" \/>\n<meta property=\"og:url\" content=\"https:\/\/quintascaetano.com\/de\/allgemeine-geschaeftsbedingungen\/\" \/>\n<meta property=\"og:site_name\" content=\"Quinta Sao Caetano\" \/>\n<meta property=\"article:modified_time\" content=\"2025-11-21T13:03:49+00:00\" \/>\n<meta name=\"twitter:card\" content=\"summary_large_image\" \/>\n<meta name=\"twitter:label1\" content=\"Gesch\u00e4tzte Lesezeit\" \/>\n\t<meta name=\"twitter:data1\" content=\"7\u00a0Minuten\" \/>\n<script type=\"application\/ld+json\" class=\"yoast-schema-graph\">{\"@context\":\"https:\/\/schema.org\",\"@graph\":[{\"@type\":\"WebPage\",\"@id\":\"https:\/\/quintascaetano.com\/de\/allgemeine-geschaeftsbedingungen\/\",\"url\":\"https:\/\/quintascaetano.com\/de\/allgemeine-geschaeftsbedingungen\/\",\"name\":\"Allgemeine Gesch\u00e4ftsbedingungen - Quinta Sao Caetano\",\"isPartOf\":{\"@id\":\"https:\/\/quintascaetano.com\/de\/#website\"},\"datePublished\":\"2025-10-17T12:18:07+00:00\",\"dateModified\":\"2025-11-21T13:03:49+00:00\",\"description\":\"Allgemeine Gesch\u00e4ftsbedingungen: Durch den Zugriff auf und die Nutzung der Website unterliegen Sie den Allgemeinen Gesch\u00e4ftsbedingungen.\",\"breadcrumb\":{\"@id\":\"https:\/\/quintascaetano.com\/de\/allgemeine-geschaeftsbedingungen\/#breadcrumb\"},\"inLanguage\":\"de\",\"potentialAction\":[{\"@type\":\"ReadAction\",\"target\":[\"https:\/\/quintascaetano.com\/de\/allgemeine-geschaeftsbedingungen\/\"]}]},{\"@type\":\"BreadcrumbList\",\"@id\":\"https:\/\/quintascaetano.com\/de\/allgemeine-geschaeftsbedingungen\/#breadcrumb\",\"itemListElement\":[{\"@type\":\"ListItem\",\"position\":1,\"name\":\"Home\",\"item\":\"https:\/\/quintascaetano.com\/de\/\"},{\"@type\":\"ListItem\",\"position\":2,\"name\":\"Allgemeine Gesch\u00e4ftsbedingungen\"}]},{\"@type\":\"WebSite\",\"@id\":\"https:\/\/quintascaetano.com\/de\/#website\",\"url\":\"https:\/\/quintascaetano.com\/de\/\",\"name\":\"Quinta de S\u00e3o Caetano - S\u00e3o Miguel A\u00e7ores\",\"description\":\"Quinta S\u00e3o Caetano - Sao Miguel - Azores\",\"potentialAction\":[{\"@type\":\"SearchAction\",\"target\":{\"@type\":\"EntryPoint\",\"urlTemplate\":\"https:\/\/quintascaetano.com\/de\/?s={search_term_string}\"},\"query-input\":{\"@type\":\"PropertyValueSpecification\",\"valueRequired\":true,\"valueName\":\"search_term_string\"}}],\"inLanguage\":\"de\"}]}<\/script>\n<!-- \/ Yoast SEO plugin. -->","yoast_head_json":{"title":"Allgemeine Gesch\u00e4ftsbedingungen - Quinta Sao Caetano","description":"Allgemeine Gesch\u00e4ftsbedingungen: Durch den Zugriff auf und die Nutzung der Website unterliegen Sie den Allgemeinen Gesch\u00e4ftsbedingungen.","robots":{"index":"index","follow":"follow","max-snippet":"max-snippet:-1","max-image-preview":"max-image-preview:large","max-video-preview":"max-video-preview:-1"},"canonical":"https:\/\/quintascaetano.com\/de\/allgemeine-geschaeftsbedingungen\/","og_locale":"de_DE","og_type":"article","og_title":"Allgemeine Gesch\u00e4ftsbedingungen - Quinta Sao Caetano","og_description":"Allgemeine Gesch\u00e4ftsbedingungen: Durch den Zugriff auf und die Nutzung der Website unterliegen Sie den Allgemeinen Gesch\u00e4ftsbedingungen.","og_url":"https:\/\/quintascaetano.com\/de\/allgemeine-geschaeftsbedingungen\/","og_site_name":"Quinta Sao Caetano","article_modified_time":"2025-11-21T13:03:49+00:00","twitter_card":"summary_large_image","twitter_misc":{"Gesch\u00e4tzte Lesezeit":"7\u00a0Minuten"},"schema":{"@context":"https:\/\/schema.org","@graph":[{"@type":"WebPage","@id":"https:\/\/quintascaetano.com\/de\/allgemeine-geschaeftsbedingungen\/","url":"https:\/\/quintascaetano.com\/de\/allgemeine-geschaeftsbedingungen\/","name":"Allgemeine Gesch\u00e4ftsbedingungen - Quinta Sao Caetano","isPartOf":{"@id":"https:\/\/quintascaetano.com\/de\/#website"},"datePublished":"2025-10-17T12:18:07+00:00","dateModified":"2025-11-21T13:03:49+00:00","description":"Allgemeine Gesch\u00e4ftsbedingungen: Durch den Zugriff auf und die Nutzung der Website unterliegen Sie den Allgemeinen Gesch\u00e4ftsbedingungen.","breadcrumb":{"@id":"https:\/\/quintascaetano.com\/de\/allgemeine-geschaeftsbedingungen\/#breadcrumb"},"inLanguage":"de","potentialAction":[{"@type":"ReadAction","target":["https:\/\/quintascaetano.com\/de\/allgemeine-geschaeftsbedingungen\/"]}]},{"@type":"BreadcrumbList","@id":"https:\/\/quintascaetano.com\/de\/allgemeine-geschaeftsbedingungen\/#breadcrumb","itemListElement":[{"@type":"ListItem","position":1,"name":"Home","item":"https:\/\/quintascaetano.com\/de\/"},{"@type":"ListItem","position":2,"name":"Allgemeine Gesch\u00e4ftsbedingungen"}]},{"@type":"WebSite","@id":"https:\/\/quintascaetano.com\/de\/#website","url":"https:\/\/quintascaetano.com\/de\/","name":"Quinta de S\u00e3o Caetano - S\u00e3o Miguel A\u00e7ores","description":"Quinta S\u00e3o Caetano - Sao Miguel - Azores","potentialAction":[{"@type":"SearchAction","target":{"@type":"EntryPoint","urlTemplate":"https:\/\/quintascaetano.com\/de\/?s={search_term_string}"},"query-input":{"@type":"PropertyValueSpecification","valueRequired":true,"valueName":"search_term_string"}}],"inLanguage":"de"}]}},"_links":{"self":[{"href":"https:\/\/quintascaetano.com\/de\/wp-json\/wp\/v2\/pages\/1886","targetHints":{"allow":["GET"]}}],"collection":[{"href":"https:\/\/quintascaetano.com\/de\/wp-json\/wp\/v2\/pages"}],"about":[{"href":"https:\/\/quintascaetano.com\/de\/wp-json\/wp\/v2\/types\/page"}],"author":[{"embeddable":true,"href":"https:\/\/quintascaetano.com\/de\/wp-json\/wp\/v2\/users\/1"}],"replies":[{"embeddable":true,"href":"https:\/\/quintascaetano.com\/de\/wp-json\/wp\/v2\/comments?post=1886"}],"version-history":[{"count":2,"href":"https:\/\/quintascaetano.com\/de\/wp-json\/wp\/v2\/pages\/1886\/revisions"}],"predecessor-version":[{"id":2410,"href":"https:\/\/quintascaetano.com\/de\/wp-json\/wp\/v2\/pages\/1886\/revisions\/2410"}],"wp:attachment":[{"href":"https:\/\/quintascaetano.com\/de\/wp-json\/wp\/v2\/media?parent=1886"}],"curies":[{"name":"wp","href":"https:\/\/api.w.org\/{rel}","templated":true}]}}