{"id":1889,"date":"2025-10-22T15:34:08","date_gmt":"2025-10-22T15:34:08","guid":{"rendered":"https:\/\/quintascaetano.com\/politica-de-cancelamento\/"},"modified":"2025-11-21T13:00:02","modified_gmt":"2025-11-21T13:00:02","slug":"stornierungsrichtlinien","status":"publish","type":"page","link":"https:\/\/quintascaetano.com\/de\/stornierungsrichtlinien\/","title":{"rendered":"Stornierungsrichtlinien"},"content":{"rendered":"\n<p>Die \u201eQuinta de S\u00e3o Caetano\u201d bietet:<\/p>\n\n\n\n<p>\u2013 3 Zimmer (3 Doppelzimmer) mit eigenem Bad und Gemeinschaftswohnzimmer.<\/p>\n\n\n\n<p>\u2013 Haus des Verwalter, bestehend aus 1 Doppelzimmer, Bad, Wohnzimmer, gro\u00dfer K\u00fcche und 1 Mezzanine mit 2 Einzelbetten.<\/p>\n\n\n\n<p>\u2013 Casa de Cima, bestehend aus: Mezzanine mit Doppelbett, Schlafzimmer mit Doppelbett, Wohn-\/Esszimmer, Badezimmer und K\u00fcche.<\/p>\n\n\n\n<p>Den G\u00e4sten stehen au\u00dferdem WLAN und Klimaanlage in den Zimmern, im Wohnzimmer, im Haus des Verwalter und in der Casa de Cima zur Verf\u00fcgung.<\/p>\n\n\n\n<p>Check-in ab 15 Uhr. G\u00e4ste, die am Tag des Check-ins auf der Insel ankommen, m\u00fcssen zuvor die Uhrzeit und die Flugnummer mitteilen. F\u00fcr diejenigen, die sich bereits auf der Insel befinden, erfolgt der Check-in zwischen 18 und 19 Uhr. Der Gast muss immer die Ankunftszeit mitteilen, damit wir ihn auf unserem \u201eQuinta\u201d empfangen k\u00f6nnen.<\/p>\n\n\n\n<p>Check-out bis 11:00 Uhr<\/p>\n\n\n\n<p>Bitte informieren Sie die G\u00e4ste, wie sie zur Quinta de S\u00e3o Caetano gelangen:<\/p>\n\n\n\n<p>Vom Flughafen aus fahren Sie auf der Schnellstra\u00dfe in Richtung \u201eLagoa\u201d und nehmen die Ausfahrt \u201eLivramento\u201d. Fahren Sie dann weiter in Richtung der Str\u00e4nde \u201ePraia das Mil\u00edcias\u201d und \u201ePraia do P\u00f3pulo\u201d. Fahren Sie in Richtung Cidade da Lagoa und etwa 500 Meter nach Praia do P\u00f3pulo finden Sie auf der Regionalstra\u00dfe auf der linken Seite ein gr\u00fcnes elektrisches Tor mit den Schildern \u201eQuinta de S\u00e3o Caetano \u2013 Turismo Rural\u201d mit der Nummer 195. Bei Ihrer Ankunft k\u00f6nnen Sie klingeln oder unter +351919280510 anrufen. Die Entfernung vom Flughafen zur Quinta de S\u00e3o Caetano betr\u00e4gt etwa 12 km.<\/p>\n\n\n\n<p>GPS: Breitengrad: N \u2013 37\u00ba 44\u2019 53,32\u2019\u2019 L\u00e4ngengrad: W \u2013 25\u00ba 36\u2019 34,06\u2019\u2019<\/p>\n\n\n\n<p>Stornierungsbedingungen und No-Show:<\/p>\n\n\n\n<p>\u2013 Stornierungen bis zu 30 Tage vor dem Check-in \u2013 keine Geb\u00fchr<\/p>\n\n\n\n<p>\u2013 Stornierungen zwischen 30 und 4 Tagen vor dem Check-in-Datum \u2013 Zahlung von 30 % des Gesamtbetrags der Buchung<\/p>\n\n\n\n<p>\u2013 Stornierungen 3 Tage oder weniger vor dem Check-in-Datum \u2013 Zahlung des Gesamtbetrags der Buchung<\/p>\n\n\n\n<p>\u2013 Nichterscheinen: Zahlung des Gesamtbetrags der Buchung.<\/p>\n\n\n\n<p>Zahlung: 15 Tage vor dem Check-in.<\/p>\n\n\n\n<p>Angaben zu unserem Unternehmen: Handelsname: Quinta de S\u00e3o Caetano \u2013 Turismo em Espa\u00e7o Rural\u201d<\/p>\n\n\n\n<p>Gewerbeschein Nr. 147\/2004<br><br>Name des Unternehmens: Luis Godofredo Amaral Pimentel.<\/p>\n\n\n\n<p><\/p>\n","protected":false},"excerpt":{"rendered":"<p>Die \u201eQuinta de S\u00e3o Caetano\u201d bietet: \u2013 3 Zimmer (3 Doppelzimmer) mit eigenem Bad und Gemeinschaftswohnzimmer. \u2013 Haus des Verwalter, bestehend aus 1 Doppelzimmer, Bad, Wohnzimmer, gro\u00dfer K\u00fcche und 1 Mezzanine mit 2 Einzelbetten. \u2013 Casa de Cima, bestehend aus: &hellip; <a href=\"https:\/\/quintascaetano.com\/de\/stornierungsrichtlinien\/\">Read More<\/a><\/p>\n","protected":false},"author":1,"featured_media":0,"parent":0,"menu_order":0,"comment_status":"closed","ping_status":"closed","template":"","meta":{"_acf_changed":false,"footnotes":""},"class_list":["post-1889","page","type-page","status-publish","hentry"],"acf":[],"yoast_head":"<!-- This site is optimized with the Yoast SEO plugin v26.2 - https:\/\/yoast.com\/wordpress\/plugins\/seo\/ -->\n<title>Stornierungsrichtlinien - Quinta Sao Caetano<\/title>\n<meta name=\"description\" content=\"Stornierungsrichtlinien: Um keine Kosten zu verursachen, stornieren Sie Ihre Reservierung bitte so fr\u00fch wie m\u00f6glich.\" \/>\n<meta name=\"robots\" content=\"index, follow, max-snippet:-1, max-image-preview:large, max-video-preview:-1\" \/>\n<link rel=\"canonical\" href=\"https:\/\/quintascaetano.com\/de\/stornierungsrichtlinien\/\" \/>\n<meta property=\"og:locale\" content=\"de_DE\" \/>\n<meta property=\"og:type\" content=\"article\" \/>\n<meta property=\"og:title\" content=\"Stornierungsrichtlinien - Quinta Sao Caetano\" \/>\n<meta property=\"og:description\" content=\"Stornierungsrichtlinien: Um keine Kosten zu verursachen, stornieren Sie Ihre Reservierung bitte so fr\u00fch wie m\u00f6glich.\" \/>\n<meta property=\"og:url\" content=\"https:\/\/quintascaetano.com\/de\/stornierungsrichtlinien\/\" \/>\n<meta property=\"og:site_name\" content=\"Quinta Sao Caetano\" \/>\n<meta property=\"article:modified_time\" content=\"2025-11-21T13:00:02+00:00\" \/>\n<meta name=\"twitter:card\" content=\"summary_large_image\" \/>\n<meta name=\"twitter:label1\" content=\"Gesch\u00e4tzte Lesezeit\" \/>\n\t<meta name=\"twitter:data1\" content=\"2\u00a0Minuten\" \/>\n<script type=\"application\/ld+json\" class=\"yoast-schema-graph\">{\"@context\":\"https:\/\/schema.org\",\"@graph\":[{\"@type\":\"WebPage\",\"@id\":\"https:\/\/quintascaetano.com\/de\/stornierungsrichtlinien\/\",\"url\":\"https:\/\/quintascaetano.com\/de\/stornierungsrichtlinien\/\",\"name\":\"Stornierungsrichtlinien - Quinta Sao Caetano\",\"isPartOf\":{\"@id\":\"https:\/\/quintascaetano.com\/de\/#website\"},\"datePublished\":\"2025-10-22T15:34:08+00:00\",\"dateModified\":\"2025-11-21T13:00:02+00:00\",\"description\":\"Stornierungsrichtlinien: Um keine Kosten zu verursachen, stornieren Sie Ihre Reservierung bitte so fr\u00fch wie m\u00f6glich.\",\"breadcrumb\":{\"@id\":\"https:\/\/quintascaetano.com\/de\/stornierungsrichtlinien\/#breadcrumb\"},\"inLanguage\":\"de\",\"potentialAction\":[{\"@type\":\"ReadAction\",\"target\":[\"https:\/\/quintascaetano.com\/de\/stornierungsrichtlinien\/\"]}]},{\"@type\":\"BreadcrumbList\",\"@id\":\"https:\/\/quintascaetano.com\/de\/stornierungsrichtlinien\/#breadcrumb\",\"itemListElement\":[{\"@type\":\"ListItem\",\"position\":1,\"name\":\"Home\",\"item\":\"https:\/\/quintascaetano.com\/de\/\"},{\"@type\":\"ListItem\",\"position\":2,\"name\":\"Stornierungsrichtlinien\"}]},{\"@type\":\"WebSite\",\"@id\":\"https:\/\/quintascaetano.com\/de\/#website\",\"url\":\"https:\/\/quintascaetano.com\/de\/\",\"name\":\"Quinta de S\u00e3o Caetano - S\u00e3o Miguel A\u00e7ores\",\"description\":\"Quinta S\u00e3o Caetano - Sao Miguel - Azores\",\"potentialAction\":[{\"@type\":\"SearchAction\",\"target\":{\"@type\":\"EntryPoint\",\"urlTemplate\":\"https:\/\/quintascaetano.com\/de\/?s={search_term_string}\"},\"query-input\":{\"@type\":\"PropertyValueSpecification\",\"valueRequired\":true,\"valueName\":\"search_term_string\"}}],\"inLanguage\":\"de\"}]}<\/script>\n<!-- \/ Yoast SEO plugin. -->","yoast_head_json":{"title":"Stornierungsrichtlinien - Quinta Sao Caetano","description":"Stornierungsrichtlinien: Um keine Kosten zu verursachen, stornieren Sie Ihre Reservierung bitte so fr\u00fch wie m\u00f6glich.","robots":{"index":"index","follow":"follow","max-snippet":"max-snippet:-1","max-image-preview":"max-image-preview:large","max-video-preview":"max-video-preview:-1"},"canonical":"https:\/\/quintascaetano.com\/de\/stornierungsrichtlinien\/","og_locale":"de_DE","og_type":"article","og_title":"Stornierungsrichtlinien - Quinta Sao Caetano","og_description":"Stornierungsrichtlinien: Um keine Kosten zu verursachen, stornieren Sie Ihre Reservierung bitte so fr\u00fch wie m\u00f6glich.","og_url":"https:\/\/quintascaetano.com\/de\/stornierungsrichtlinien\/","og_site_name":"Quinta Sao Caetano","article_modified_time":"2025-11-21T13:00:02+00:00","twitter_card":"summary_large_image","twitter_misc":{"Gesch\u00e4tzte Lesezeit":"2\u00a0Minuten"},"schema":{"@context":"https:\/\/schema.org","@graph":[{"@type":"WebPage","@id":"https:\/\/quintascaetano.com\/de\/stornierungsrichtlinien\/","url":"https:\/\/quintascaetano.com\/de\/stornierungsrichtlinien\/","name":"Stornierungsrichtlinien - Quinta Sao Caetano","isPartOf":{"@id":"https:\/\/quintascaetano.com\/de\/#website"},"datePublished":"2025-10-22T15:34:08+00:00","dateModified":"2025-11-21T13:00:02+00:00","description":"Stornierungsrichtlinien: Um keine Kosten zu verursachen, stornieren Sie Ihre Reservierung bitte so fr\u00fch wie m\u00f6glich.","breadcrumb":{"@id":"https:\/\/quintascaetano.com\/de\/stornierungsrichtlinien\/#breadcrumb"},"inLanguage":"de","potentialAction":[{"@type":"ReadAction","target":["https:\/\/quintascaetano.com\/de\/stornierungsrichtlinien\/"]}]},{"@type":"BreadcrumbList","@id":"https:\/\/quintascaetano.com\/de\/stornierungsrichtlinien\/#breadcrumb","itemListElement":[{"@type":"ListItem","position":1,"name":"Home","item":"https:\/\/quintascaetano.com\/de\/"},{"@type":"ListItem","position":2,"name":"Stornierungsrichtlinien"}]},{"@type":"WebSite","@id":"https:\/\/quintascaetano.com\/de\/#website","url":"https:\/\/quintascaetano.com\/de\/","name":"Quinta de S\u00e3o Caetano - S\u00e3o Miguel A\u00e7ores","description":"Quinta S\u00e3o Caetano - Sao Miguel - Azores","potentialAction":[{"@type":"SearchAction","target":{"@type":"EntryPoint","urlTemplate":"https:\/\/quintascaetano.com\/de\/?s={search_term_string}"},"query-input":{"@type":"PropertyValueSpecification","valueRequired":true,"valueName":"search_term_string"}}],"inLanguage":"de"}]}},"_links":{"self":[{"href":"https:\/\/quintascaetano.com\/de\/wp-json\/wp\/v2\/pages\/1889","targetHints":{"allow":["GET"]}}],"collection":[{"href":"https:\/\/quintascaetano.com\/de\/wp-json\/wp\/v2\/pages"}],"about":[{"href":"https:\/\/quintascaetano.com\/de\/wp-json\/wp\/v2\/types\/page"}],"author":[{"embeddable":true,"href":"https:\/\/quintascaetano.com\/de\/wp-json\/wp\/v2\/users\/1"}],"replies":[{"embeddable":true,"href":"https:\/\/quintascaetano.com\/de\/wp-json\/wp\/v2\/comments?post=1889"}],"version-history":[{"count":2,"href":"https:\/\/quintascaetano.com\/de\/wp-json\/wp\/v2\/pages\/1889\/revisions"}],"predecessor-version":[{"id":2408,"href":"https:\/\/quintascaetano.com\/de\/wp-json\/wp\/v2\/pages\/1889\/revisions\/2408"}],"wp:attachment":[{"href":"https:\/\/quintascaetano.com\/de\/wp-json\/wp\/v2\/media?parent=1889"}],"curies":[{"name":"wp","href":"https:\/\/api.w.org\/{rel}","templated":true}]}}