{"id":1480,"date":"2025-10-22T15:34:08","date_gmt":"2025-10-22T15:34:08","guid":{"rendered":"https:\/\/quintascaetano.com\/politica-de-cancelamento\/"},"modified":"2025-11-21T12:52:17","modified_gmt":"2025-11-21T12:52:17","slug":"cancellation-policy","status":"publish","type":"page","link":"https:\/\/quintascaetano.com\/en\/cancellation-policy\/","title":{"rendered":"Cancellation Policy"},"content":{"rendered":"\n<p><strong>&nbsp;<\/strong>Quinta de S\u00e3o Caetano offers:<\/p>\n\n\n\n<ul class=\"wp-block-list\">\n<li>3 bedrooms (3 doubles), with private bathroom and shared living room.<\/li>\n\n\n\n<li>Caretaker&#8217;s House, consisting of 1 double bedroom, bathroom, living room, large kitchen, and 1 mezzanine with 2 single beds.<\/li>\n\n\n\n<li>Upper House, consisting of: mezzanine with double bed, bedroom with double bed, living\/dining room, bathroom, and kitchen.<\/li>\n<\/ul>\n\n\n\n<p>Guests also have access to Wi-Fi and air conditioning in the bedrooms, living room, Caretaker&#8217;s House, and Upper House.<\/p>\n\n\n\n<p>Check-in is from 3:00 p.m. Guests arriving on the island on the day of check-in must inform us of their flight time and number in advance. For those already on the island, check-in will be between 6:00 p.m. and 7:00 p.m. Guests must always inform us of their arrival time so that we can welcome them to our farm.<\/p>\n\n\n\n<p>Check-out is until 11:00 a.m.<\/p>\n\n\n\n<p>Please inform customers how to get to Quinta de S\u00e3o Caetano:<\/p>\n\n\n\n<p>From the airport, take the expressway towards \u201cLagoa\u201d and exit at \u201cLivramento.\u201d Then head towards Praias, \u201cPraia das Mil\u00edcias and Praia do P\u00f3pulo.\u201d Head towards the city of Lagoa and, approximately 500 meters after Praia do P\u00f3pulo, on the regional road, on your left, you will find a green electric gate with signs indicating \u201cQuinta de S\u00e3o Caetano &#8211; Turismo Rural\u201d with the number 195. When you arrive, you can ring the bell or call: +351919280510. The distance from the airport to Quinta de S\u00e3o Caetano is about 12km.<\/p>\n\n\n\n<p>GPS: Latitude: N &#8211; 37\u00ba 44&#8242; 53.32&#8217;\u2018 Longitude: W &#8211; 25\u00ba 36\u2019 34.06&#8221;<\/p>\n\n\n\n<p>Cancellation and No Show Policy:<\/p>\n\n\n\n<p>No show: full reservation cost.<\/p>\n\n\n\n<p>Cancellations up to 30 days prior to check-in date \u2013 no charge<\/p>\n\n\n\n<p>Cancellations between 30 and 4 days prior to check-in date \u2013 30% of total reservation cost<\/p>\n\n\n\n<p>Cancellations 3 days or less prior to check-in date \u2013 full reservation cost<\/p>\n\n\n\n<p>Payment: 15 days before check-in.<\/p>\n\n\n\n<p>Our Company Details: Trade Name: Quinta de S\u00e3o Caetano \u2013 Rural Tourism\u201d<\/p>\n\n\n\n<p>    License No. 147\/2004<\/p>\n\n\n\n<p>     Company Name: Luis Godofredo Amaral Pimentel.<br><br>     Taxpayer No. 153567899                   <\/p>\n\n\n\n<p>Our bank details:<\/p>\n\n\n\n<p>BANCO COMERCIAL PORTUGU\u00caS (MILLENNIUM-BCP)<\/p>\n\n\n\n<p>Address: Registered Office: Pra\u00e7a D. Jo\u00e3o I, 28 \u2013 Porto &#8211; Portugal<\/p>\n\n\n\n<p>Account Name: Luis Godofredo Amaral Pimentel<\/p>\n\n\n\n<p>IBAN: PT50 0033 0000 0020 1608 2930 5<\/p>\n\n\n\n<p>SWIFT\/BIC: BCOMPTPL<\/p>\n\n\n\n<p><\/p>\n","protected":false},"excerpt":{"rendered":"<p>&nbsp;Quinta de S\u00e3o Caetano offers: Guests also have access to Wi-Fi and air conditioning in the bedrooms, living room, Caretaker&#8217;s House, and Upper House. Check-in is from 3:00 p.m. Guests arriving on the island on the day of check-in must &hellip; <a href=\"https:\/\/quintascaetano.com\/en\/cancellation-policy\/\">Read More<\/a><\/p>\n","protected":false},"author":1,"featured_media":0,"parent":0,"menu_order":0,"comment_status":"closed","ping_status":"closed","template":"","meta":{"_acf_changed":false,"footnotes":""},"class_list":["post-1480","page","type-page","status-publish","hentry"],"acf":[],"yoast_head":"<!-- This site is optimized with the Yoast SEO plugin v26.2 - https:\/\/yoast.com\/wordpress\/plugins\/seo\/ -->\n<title>Cancellation Policy - Quinta S\u00e3o Caetano<\/title>\n<meta name=\"description\" content=\"Cancellation Policy: To avoid any charges, cancel your reservation as far in advance as possible.Visit us in S\u00e3o Miguel Azores.\" \/>\n<meta name=\"robots\" content=\"index, follow, max-snippet:-1, max-image-preview:large, max-video-preview:-1\" \/>\n<link rel=\"canonical\" href=\"https:\/\/quintascaetano.com\/en\/cancellation-policy\/\" \/>\n<meta property=\"og:locale\" content=\"en_US\" \/>\n<meta property=\"og:type\" content=\"article\" \/>\n<meta property=\"og:title\" content=\"Cancellation Policy - Quinta S\u00e3o Caetano\" \/>\n<meta property=\"og:description\" content=\"Cancellation Policy: To avoid any charges, cancel your reservation as far in advance as possible.Visit us in S\u00e3o Miguel Azores.\" \/>\n<meta property=\"og:url\" content=\"https:\/\/quintascaetano.com\/en\/cancellation-policy\/\" \/>\n<meta property=\"og:site_name\" content=\"Quinta S\u00e3o Caetano\" \/>\n<meta property=\"article:modified_time\" content=\"2025-11-21T12:52:17+00:00\" \/>\n<meta name=\"twitter:card\" content=\"summary_large_image\" \/>\n<meta name=\"twitter:label1\" content=\"Est. reading time\" \/>\n\t<meta name=\"twitter:data1\" content=\"2 minutes\" \/>\n<script type=\"application\/ld+json\" class=\"yoast-schema-graph\">{\"@context\":\"https:\/\/schema.org\",\"@graph\":[{\"@type\":\"WebPage\",\"@id\":\"https:\/\/quintascaetano.com\/en\/cancellation-policy\/\",\"url\":\"https:\/\/quintascaetano.com\/en\/cancellation-policy\/\",\"name\":\"Cancellation Policy - Quinta S\u00e3o Caetano\",\"isPartOf\":{\"@id\":\"https:\/\/quintascaetano.com\/en\/#website\"},\"datePublished\":\"2025-10-22T15:34:08+00:00\",\"dateModified\":\"2025-11-21T12:52:17+00:00\",\"description\":\"Cancellation Policy: To avoid any charges, cancel your reservation as far in advance as possible.Visit us in S\u00e3o Miguel Azores.\",\"breadcrumb\":{\"@id\":\"https:\/\/quintascaetano.com\/en\/cancellation-policy\/#breadcrumb\"},\"inLanguage\":\"en-US\",\"potentialAction\":[{\"@type\":\"ReadAction\",\"target\":[\"https:\/\/quintascaetano.com\/en\/cancellation-policy\/\"]}]},{\"@type\":\"BreadcrumbList\",\"@id\":\"https:\/\/quintascaetano.com\/en\/cancellation-policy\/#breadcrumb\",\"itemListElement\":[{\"@type\":\"ListItem\",\"position\":1,\"name\":\"Home\",\"item\":\"https:\/\/quintascaetano.com\/en\/\"},{\"@type\":\"ListItem\",\"position\":2,\"name\":\"Cancellation Policy\"}]},{\"@type\":\"WebSite\",\"@id\":\"https:\/\/quintascaetano.com\/en\/#website\",\"url\":\"https:\/\/quintascaetano.com\/en\/\",\"name\":\"Quinta de S\u00e3o Caetano - S\u00e3o Miguel A\u00e7ores\",\"description\":\"Quinta S\u00e3o Caetano - Sao Miguel - Azores\",\"potentialAction\":[{\"@type\":\"SearchAction\",\"target\":{\"@type\":\"EntryPoint\",\"urlTemplate\":\"https:\/\/quintascaetano.com\/en\/?s={search_term_string}\"},\"query-input\":{\"@type\":\"PropertyValueSpecification\",\"valueRequired\":true,\"valueName\":\"search_term_string\"}}],\"inLanguage\":\"en-US\"}]}<\/script>\n<!-- \/ Yoast SEO plugin. -->","yoast_head_json":{"title":"Cancellation Policy - Quinta S\u00e3o Caetano","description":"Cancellation Policy: To avoid any charges, cancel your reservation as far in advance as possible.Visit us in S\u00e3o Miguel Azores.","robots":{"index":"index","follow":"follow","max-snippet":"max-snippet:-1","max-image-preview":"max-image-preview:large","max-video-preview":"max-video-preview:-1"},"canonical":"https:\/\/quintascaetano.com\/en\/cancellation-policy\/","og_locale":"en_US","og_type":"article","og_title":"Cancellation Policy - Quinta S\u00e3o Caetano","og_description":"Cancellation Policy: To avoid any charges, cancel your reservation as far in advance as possible.Visit us in S\u00e3o Miguel Azores.","og_url":"https:\/\/quintascaetano.com\/en\/cancellation-policy\/","og_site_name":"Quinta S\u00e3o Caetano","article_modified_time":"2025-11-21T12:52:17+00:00","twitter_card":"summary_large_image","twitter_misc":{"Est. reading time":"2 minutes"},"schema":{"@context":"https:\/\/schema.org","@graph":[{"@type":"WebPage","@id":"https:\/\/quintascaetano.com\/en\/cancellation-policy\/","url":"https:\/\/quintascaetano.com\/en\/cancellation-policy\/","name":"Cancellation Policy - Quinta S\u00e3o Caetano","isPartOf":{"@id":"https:\/\/quintascaetano.com\/en\/#website"},"datePublished":"2025-10-22T15:34:08+00:00","dateModified":"2025-11-21T12:52:17+00:00","description":"Cancellation Policy: To avoid any charges, cancel your reservation as far in advance as possible.Visit us in S\u00e3o Miguel Azores.","breadcrumb":{"@id":"https:\/\/quintascaetano.com\/en\/cancellation-policy\/#breadcrumb"},"inLanguage":"en-US","potentialAction":[{"@type":"ReadAction","target":["https:\/\/quintascaetano.com\/en\/cancellation-policy\/"]}]},{"@type":"BreadcrumbList","@id":"https:\/\/quintascaetano.com\/en\/cancellation-policy\/#breadcrumb","itemListElement":[{"@type":"ListItem","position":1,"name":"Home","item":"https:\/\/quintascaetano.com\/en\/"},{"@type":"ListItem","position":2,"name":"Cancellation Policy"}]},{"@type":"WebSite","@id":"https:\/\/quintascaetano.com\/en\/#website","url":"https:\/\/quintascaetano.com\/en\/","name":"Quinta de S\u00e3o Caetano - S\u00e3o Miguel A\u00e7ores","description":"Quinta S\u00e3o Caetano - Sao Miguel - Azores","potentialAction":[{"@type":"SearchAction","target":{"@type":"EntryPoint","urlTemplate":"https:\/\/quintascaetano.com\/en\/?s={search_term_string}"},"query-input":{"@type":"PropertyValueSpecification","valueRequired":true,"valueName":"search_term_string"}}],"inLanguage":"en-US"}]}},"_links":{"self":[{"href":"https:\/\/quintascaetano.com\/en\/wp-json\/wp\/v2\/pages\/1480","targetHints":{"allow":["GET"]}}],"collection":[{"href":"https:\/\/quintascaetano.com\/en\/wp-json\/wp\/v2\/pages"}],"about":[{"href":"https:\/\/quintascaetano.com\/en\/wp-json\/wp\/v2\/types\/page"}],"author":[{"embeddable":true,"href":"https:\/\/quintascaetano.com\/en\/wp-json\/wp\/v2\/users\/1"}],"replies":[{"embeddable":true,"href":"https:\/\/quintascaetano.com\/en\/wp-json\/wp\/v2\/comments?post=1480"}],"version-history":[{"count":4,"href":"https:\/\/quintascaetano.com\/en\/wp-json\/wp\/v2\/pages\/1480\/revisions"}],"predecessor-version":[{"id":2406,"href":"https:\/\/quintascaetano.com\/en\/wp-json\/wp\/v2\/pages\/1480\/revisions\/2406"}],"wp:attachment":[{"href":"https:\/\/quintascaetano.com\/en\/wp-json\/wp\/v2\/media?parent=1480"}],"curies":[{"name":"wp","href":"https:\/\/api.w.org\/{rel}","templated":true}]}}