{"id":1556,"date":"2025-10-20T12:30:12","date_gmt":"2025-10-20T12:30:12","guid":{"rendered":"https:\/\/quintascaetano.com\/alojamentos\/"},"modified":"2025-11-21T12:48:34","modified_gmt":"2025-11-21T12:48:34","slug":"accommodations","status":"publish","type":"page","link":"https:\/\/quintascaetano.com\/en\/accommodations\/","title":{"rendered":"Accommodations"},"content":{"rendered":"\t\t<div data-elementor-type=\"wp-post\" data-elementor-id=\"1556\" class=\"elementor elementor-1556 elementor-626\" data-elementor-post-type=\"page\">\n\t\t\t\t\t\t<section class=\"elementor-section elementor-top-section elementor-element elementor-element-2b3f7e65 elementor-section-full_width elementor-section-height-min-height elementor-section-height-default elementor-section-items-middle\" data-id=\"2b3f7e65\" data-element_type=\"section\" data-settings=\"{&quot;background_background&quot;:&quot;classic&quot;}\">\n\t\t\t\t\t\t\t<div class=\"elementor-background-overlay\"><\/div>\n\t\t\t\t\t\t\t<div class=\"elementor-container elementor-column-gap-no\">\n\t\t\t\t\t<div class=\"elementor-column elementor-col-100 elementor-top-column elementor-element elementor-element-3aafdd82\" data-id=\"3aafdd82\" data-element_type=\"column\">\n\t\t\t<div class=\"elementor-widget-wrap elementor-element-populated\">\n\t\t\t\t\t\t<div class=\"elementor-element elementor-element-3c044c71 elementor-widget elementor-widget-spacer\" data-id=\"3c044c71\" data-element_type=\"widget\" data-widget_type=\"spacer.default\">\n\t\t\t\t<div class=\"elementor-widget-container\">\n\t\t\t\t\t\t\t<div class=\"elementor-spacer\">\n\t\t\t<div class=\"elementor-spacer-inner\"><\/div>\n\t\t<\/div>\n\t\t\t\t\t\t<\/div>\n\t\t\t\t<\/div>\n\t\t\t\t<section class=\"elementor-section elementor-inner-section elementor-element elementor-element-166a1345 elementor-reverse-mobile elementor-section-boxed elementor-section-height-default elementor-section-height-default\" data-id=\"166a1345\" data-element_type=\"section\">\n\t\t\t\t\t\t<div class=\"elementor-container elementor-column-gap-wider\">\n\t\t\t\t\t<div class=\"elementor-column elementor-col-100 elementor-inner-column elementor-element elementor-element-4e5301df\" data-id=\"4e5301df\" data-element_type=\"column\">\n\t\t\t<div class=\"elementor-widget-wrap elementor-element-populated\">\n\t\t\t\t\t\t<div class=\"elementor-element elementor-element-ecdd61d elementor-view-default elementor-position-top elementor-widget elementor-widget-themo-header\" data-id=\"ecdd61d\" data-element_type=\"widget\" data-widget_type=\"themo-header.default\">\n\t\t\t\t<div class=\"elementor-widget-container\">\n\t\t\t\t\t\t\t<div class=\"th-header-wrap\">\n        <div class=\"elementor-icon-box-wrapper \">\n                            <div class=\"elementor-icon-box-content\">\n                    <h1 class=\"elementor-icon-box-title\">\n                                            <\/h1>\n                                        <p class=\"elementor-icon-box-description\"><\/p>\n\n                                    <\/div>\n            <\/div>\n\n        <\/div>\n\n\t\t\t\t\t\t<\/div>\n\t\t\t\t<\/div>\n\t\t\t\t\t<\/div>\n\t\t<\/div>\n\t\t\t\t\t<\/div>\n\t\t<\/section>\n\t\t\t\t<div class=\"elementor-element elementor-element-5c87d594 elementor-widget elementor-widget-spacer\" data-id=\"5c87d594\" data-element_type=\"widget\" data-widget_type=\"spacer.default\">\n\t\t\t\t<div class=\"elementor-widget-container\">\n\t\t\t\t\t\t\t<div class=\"elementor-spacer\">\n\t\t\t<div class=\"elementor-spacer-inner\"><\/div>\n\t\t<\/div>\n\t\t\t\t\t\t<\/div>\n\t\t\t\t<\/div>\n\t\t\t\t\t<\/div>\n\t\t<\/div>\n\t\t\t\t\t<\/div>\n\t\t<\/section>\n\t\t\t\t<section class=\"elementor-section elementor-top-section elementor-element elementor-element-668cda6b elementor-section-height-min-height elementor-section-boxed elementor-section-height-default elementor-section-items-middle\" data-id=\"668cda6b\" data-element_type=\"section\" data-settings=\"{&quot;background_background&quot;:&quot;classic&quot;}\">\n\t\t\t\t\t\t<div class=\"elementor-container elementor-column-gap-default\">\n\t\t\t\t\t<div class=\"elementor-column elementor-col-100 elementor-top-column elementor-element elementor-element-3c855b75\" data-id=\"3c855b75\" data-element_type=\"column\" data-settings=\"{&quot;background_background&quot;:&quot;classic&quot;}\">\n\t\t\t<div class=\"elementor-widget-wrap elementor-element-populated\">\n\t\t\t\t\t\t<div class=\"elementor-element elementor-element-e6789cb elementor-widget elementor-widget-shortcode\" data-id=\"e6789cb\" data-element_type=\"widget\" data-widget_type=\"shortcode.default\">\n\t\t\t\t<div class=\"elementor-widget-container\">\n\t\t\t\t\t\t\t<div class=\"elementor-shortcode\"><div class=\"alojamentos-alojamentos-catalogo\" style=\" display: grid; grid-template-columns: repeat(3, 1fr); \/* 3 colunas padr\u00e3o *\/ gap: 30px; row-gap: 50px;\">\r\n            <div class=\"alojamento-item\">\r\n                <div class=\"thumb\">\r\n                    <img decoding=\"async\" src=\"https:\/\/quintascaetano.com\/wp-content\/uploads\/2025\/10\/quarto-1-vila-franca-1-scaled.jpg\" alt=\"Room1: Ilh\u00e9u de Vila Franca do Campo\" style=\"border-radius: 0.2rem;opacity:1;\">\r\n                <\/div>\r\n                <div class=\"title\"><h5>Room1: Ilh\u00e9u de Vila Franca do Campo<\/h5><\/div>\r\n                <div class=\"description\">Double room with private bathroom and shared living room.<\/div>\r\n                <div class=\"view-more\" style=\"margin-top:1.8rem;\"><a href=\"https:\/\/quintascaetano.com\/en\/alojamento\/quarto-1-ilheu-de-vila-franca-do-campo\/\" target=\"_self\"><button type=\"button\" style=\"font-weight: bold; background-color: #fff; color:#000; padding-left: 2rem; padding-right: 2rem; padding-top: 0.6rem; padding-bottom: 0.6rem;\">Learn More<\/button><\/a><\/div>\r\n            <\/div>\r\n            <div class=\"alojamento-item\">\r\n                <div class=\"thumb\">\r\n                    <img decoding=\"async\" src=\"https:\/\/quintascaetano.com\/wp-content\/uploads\/2025\/10\/quarto-2-mosteiros-1-scaled.jpg\" alt=\"Room 2: Ilh\u00e9u dos Mosteiros\" style=\"border-radius: 0.2rem;opacity:1;\">\r\n                <\/div>\r\n                <div class=\"title\"><h5>Room 2: Ilh\u00e9u dos Mosteiros<\/h5><\/div>\r\n                <div class=\"description\">Double room with private bathroom and shared living room.<\/div>\r\n                <div class=\"view-more\" style=\"margin-top:1.8rem;\"><a href=\"https:\/\/quintascaetano.com\/en\/alojamento\/quarto-2-ilheu-dos-mosteiros\/\" target=\"_self\"><button type=\"button\" style=\"font-weight: bold; background-color: #fff; color:#000; padding-left: 2rem; padding-right: 2rem; padding-top: 0.6rem; padding-bottom: 0.6rem;\">Learn More<\/button><\/a><\/div>\r\n            <\/div>\r\n            <div class=\"alojamento-item\">\r\n                <div class=\"thumb\">\r\n                    <img decoding=\"async\" src=\"https:\/\/quintascaetano.com\/wp-content\/uploads\/2025\/10\/quarto-3-s.roque_-2-scaled.jpg\" alt=\"Room 3: Ilh\u00e9u S. Roque\" style=\"border-radius: 0.2rem;opacity:1;\">\r\n                <\/div>\r\n                <div class=\"title\"><h5>Room 3: Ilh\u00e9u S. Roque<\/h5><\/div>\r\n                <div class=\"description\">Double room with private bathroom and shared living room.<\/div>\r\n                <div class=\"view-more\" style=\"margin-top:1.8rem;\"><a href=\"https:\/\/quintascaetano.com\/en\/alojamento\/quarto-3-ilheu-s-roque\/\" target=\"_self\"><button type=\"button\" style=\"font-weight: bold; background-color: #fff; color:#000; padding-left: 2rem; padding-right: 2rem; padding-top: 0.6rem; padding-bottom: 0.6rem;\">Learn More<\/button><\/a><\/div>\r\n            <\/div>\r\n            <div class=\"alojamento-item\">\r\n                <div class=\"thumb\">\r\n                    <img decoding=\"async\" src=\"https:\/\/quintascaetano.com\/wp-content\/uploads\/2025\/10\/Quinta-S-Caetano-Casa-do-Caseiro-6-min-scaled.jpg\" alt=\"Casa do Caseiro\" style=\"border-radius: 0.2rem;opacity:1;\">\r\n                <\/div>\r\n                <div class=\"title\"><h5>Casa do Caseiro<\/h5><\/div>\r\n                <div class=\"description\">The \u201cCasa Caseiro\u201d consists of 1 double bedroom, a mezzanine with 2 single beds, a bathroom, a living room, and a large kitchen. It accommodates a total of 4 people, making it ideal for families with ...<\/div>\r\n                <div class=\"view-more\" style=\"margin-top:1.8rem;\"><a href=\"https:\/\/quintascaetano.com\/en\/alojamento\/casa-do-caseiro-2\/\" target=\"_self\"><button type=\"button\" style=\"font-weight: bold; background-color: #fff; color:#000; padding-left: 2rem; padding-right: 2rem; padding-top: 0.6rem; padding-bottom: 0.6rem;\">Learn More<\/button><\/a><\/div>\r\n            <\/div>\r\n            <div class=\"alojamento-item\">\r\n                <div class=\"thumb\">\r\n                    <img decoding=\"async\" src=\"https:\/\/quintascaetano.com\/wp-content\/uploads\/2025\/10\/DSC07412-min-scaled.jpg\" alt=\"Casa de Cima\" style=\"border-radius: 0.2rem;opacity:1;\">\r\n                <\/div>\r\n                <div class=\"title\"><h5>Casa de Cima<\/h5><\/div>\r\n                <div class=\"description\">The house consists of: a mezzanine with a double bed, a bedroom with a double bed, a living\/dining room, a bathroom, and a kitchen.\r\n\r\nIt is ideal for one couple with up to two children.<\/div>\r\n                <div class=\"view-more\" style=\"margin-top:1.8rem;\"><a href=\"https:\/\/quintascaetano.com\/en\/alojamento\/casa-de-cima\/\" target=\"_self\"><button type=\"button\" style=\"font-weight: bold; background-color: #fff; color:#000; padding-left: 2rem; padding-right: 2rem; padding-top: 0.6rem; padding-bottom: 0.6rem;\">Learn More<\/button><\/a><\/div>\r\n            <\/div><\/div><\/div>\n\t\t\t\t\t\t<\/div>\n\t\t\t\t<\/div>\n\t\t\t\t\t<\/div>\n\t\t<\/div>\n\t\t\t\t\t<\/div>\n\t\t<\/section>\n\t\t\t\t<\/div>\n\t\t","protected":false},"excerpt":{"rendered":"","protected":false},"author":1,"featured_media":0,"parent":0,"menu_order":10,"comment_status":"closed","ping_status":"closed","template":"","meta":{"_acf_changed":false,"footnotes":""},"class_list":["post-1556","page","type-page","status-publish","hentry"],"acf":[],"yoast_head":"<!-- This site is optimized with the Yoast SEO plugin v26.2 - https:\/\/yoast.com\/wordpress\/plugins\/seo\/ -->\n<title>Accommodations - Quinta S\u00e3o Caetano<\/title>\n<meta name=\"description\" content=\"Accommodations: Quinta de S. Caetano consists of two houses and three bedrooms. You can rent according to your preference. Book now!\" \/>\n<meta name=\"robots\" content=\"index, follow, max-snippet:-1, max-image-preview:large, max-video-preview:-1\" \/>\n<link rel=\"canonical\" href=\"https:\/\/quintascaetano.com\/en\/accommodations\/\" \/>\n<meta property=\"og:locale\" content=\"en_US\" \/>\n<meta property=\"og:type\" content=\"article\" \/>\n<meta property=\"og:title\" content=\"Accommodations - Quinta S\u00e3o Caetano\" \/>\n<meta property=\"og:description\" content=\"Accommodations: Quinta de S. Caetano consists of two houses and three bedrooms. You can rent according to your preference. Book now!\" \/>\n<meta property=\"og:url\" content=\"https:\/\/quintascaetano.com\/en\/accommodations\/\" \/>\n<meta property=\"og:site_name\" content=\"Quinta S\u00e3o Caetano\" \/>\n<meta property=\"article:modified_time\" content=\"2025-11-21T12:48:34+00:00\" \/>\n<meta name=\"twitter:card\" content=\"summary_large_image\" \/>\n<meta name=\"twitter:label1\" content=\"Est. reading time\" \/>\n\t<meta name=\"twitter:data1\" content=\"1 minute\" \/>\n<script type=\"application\/ld+json\" class=\"yoast-schema-graph\">{\"@context\":\"https:\/\/schema.org\",\"@graph\":[{\"@type\":\"WebPage\",\"@id\":\"https:\/\/quintascaetano.com\/en\/accommodations\/\",\"url\":\"https:\/\/quintascaetano.com\/en\/accommodations\/\",\"name\":\"Accommodations - Quinta S\u00e3o Caetano\",\"isPartOf\":{\"@id\":\"https:\/\/quintascaetano.com\/en\/#website\"},\"datePublished\":\"2025-10-20T12:30:12+00:00\",\"dateModified\":\"2025-11-21T12:48:34+00:00\",\"description\":\"Accommodations: Quinta de S. Caetano consists of two houses and three bedrooms. You can rent according to your preference. Book now!\",\"breadcrumb\":{\"@id\":\"https:\/\/quintascaetano.com\/en\/accommodations\/#breadcrumb\"},\"inLanguage\":\"en-US\",\"potentialAction\":[{\"@type\":\"ReadAction\",\"target\":[\"https:\/\/quintascaetano.com\/en\/accommodations\/\"]}]},{\"@type\":\"BreadcrumbList\",\"@id\":\"https:\/\/quintascaetano.com\/en\/accommodations\/#breadcrumb\",\"itemListElement\":[{\"@type\":\"ListItem\",\"position\":1,\"name\":\"Home\",\"item\":\"https:\/\/quintascaetano.com\/en\/\"},{\"@type\":\"ListItem\",\"position\":2,\"name\":\"Accommodations\"}]},{\"@type\":\"WebSite\",\"@id\":\"https:\/\/quintascaetano.com\/en\/#website\",\"url\":\"https:\/\/quintascaetano.com\/en\/\",\"name\":\"Quinta de S\u00e3o Caetano - S\u00e3o Miguel A\u00e7ores\",\"description\":\"Quinta S\u00e3o Caetano - Sao Miguel - Azores\",\"potentialAction\":[{\"@type\":\"SearchAction\",\"target\":{\"@type\":\"EntryPoint\",\"urlTemplate\":\"https:\/\/quintascaetano.com\/en\/?s={search_term_string}\"},\"query-input\":{\"@type\":\"PropertyValueSpecification\",\"valueRequired\":true,\"valueName\":\"search_term_string\"}}],\"inLanguage\":\"en-US\"}]}<\/script>\n<!-- \/ Yoast SEO plugin. -->","yoast_head_json":{"title":"Accommodations - Quinta S\u00e3o Caetano","description":"Accommodations: Quinta de S. Caetano consists of two houses and three bedrooms. You can rent according to your preference. Book now!","robots":{"index":"index","follow":"follow","max-snippet":"max-snippet:-1","max-image-preview":"max-image-preview:large","max-video-preview":"max-video-preview:-1"},"canonical":"https:\/\/quintascaetano.com\/en\/accommodations\/","og_locale":"en_US","og_type":"article","og_title":"Accommodations - Quinta S\u00e3o Caetano","og_description":"Accommodations: Quinta de S. Caetano consists of two houses and three bedrooms. You can rent according to your preference. Book now!","og_url":"https:\/\/quintascaetano.com\/en\/accommodations\/","og_site_name":"Quinta S\u00e3o Caetano","article_modified_time":"2025-11-21T12:48:34+00:00","twitter_card":"summary_large_image","twitter_misc":{"Est. reading time":"1 minute"},"schema":{"@context":"https:\/\/schema.org","@graph":[{"@type":"WebPage","@id":"https:\/\/quintascaetano.com\/en\/accommodations\/","url":"https:\/\/quintascaetano.com\/en\/accommodations\/","name":"Accommodations - Quinta S\u00e3o Caetano","isPartOf":{"@id":"https:\/\/quintascaetano.com\/en\/#website"},"datePublished":"2025-10-20T12:30:12+00:00","dateModified":"2025-11-21T12:48:34+00:00","description":"Accommodations: Quinta de S. Caetano consists of two houses and three bedrooms. You can rent according to your preference. Book now!","breadcrumb":{"@id":"https:\/\/quintascaetano.com\/en\/accommodations\/#breadcrumb"},"inLanguage":"en-US","potentialAction":[{"@type":"ReadAction","target":["https:\/\/quintascaetano.com\/en\/accommodations\/"]}]},{"@type":"BreadcrumbList","@id":"https:\/\/quintascaetano.com\/en\/accommodations\/#breadcrumb","itemListElement":[{"@type":"ListItem","position":1,"name":"Home","item":"https:\/\/quintascaetano.com\/en\/"},{"@type":"ListItem","position":2,"name":"Accommodations"}]},{"@type":"WebSite","@id":"https:\/\/quintascaetano.com\/en\/#website","url":"https:\/\/quintascaetano.com\/en\/","name":"Quinta de S\u00e3o Caetano - S\u00e3o Miguel A\u00e7ores","description":"Quinta S\u00e3o Caetano - Sao Miguel - Azores","potentialAction":[{"@type":"SearchAction","target":{"@type":"EntryPoint","urlTemplate":"https:\/\/quintascaetano.com\/en\/?s={search_term_string}"},"query-input":{"@type":"PropertyValueSpecification","valueRequired":true,"valueName":"search_term_string"}}],"inLanguage":"en-US"}]}},"_links":{"self":[{"href":"https:\/\/quintascaetano.com\/en\/wp-json\/wp\/v2\/pages\/1556","targetHints":{"allow":["GET"]}}],"collection":[{"href":"https:\/\/quintascaetano.com\/en\/wp-json\/wp\/v2\/pages"}],"about":[{"href":"https:\/\/quintascaetano.com\/en\/wp-json\/wp\/v2\/types\/page"}],"author":[{"embeddable":true,"href":"https:\/\/quintascaetano.com\/en\/wp-json\/wp\/v2\/users\/1"}],"replies":[{"embeddable":true,"href":"https:\/\/quintascaetano.com\/en\/wp-json\/wp\/v2\/comments?post=1556"}],"version-history":[{"count":4,"href":"https:\/\/quintascaetano.com\/en\/wp-json\/wp\/v2\/pages\/1556\/revisions"}],"predecessor-version":[{"id":1922,"href":"https:\/\/quintascaetano.com\/en\/wp-json\/wp\/v2\/pages\/1556\/revisions\/1922"}],"wp:attachment":[{"href":"https:\/\/quintascaetano.com\/en\/wp-json\/wp\/v2\/media?parent=1556"}],"curies":[{"name":"wp","href":"https:\/\/api.w.org\/{rel}","templated":true}]}}